{"id":1099,"date":"2022-08-08T17:43:22","date_gmt":"2022-08-08T15:43:22","guid":{"rendered":"http:\/\/www.crocedimaltahotel.com\/?page_id=1099"},"modified":"2025-07-15T12:29:51","modified_gmt":"2025-07-15T10:29:51","slug":"dove-siamo","status":"publish","type":"page","link":"https:\/\/www.crocedimaltahotel.com\/de\/dove-siamo\/","title":{"rendered":"Wo wir sind"},"content":{"rendered":"<section class=\"wao-blocks-container container-fluid mb-0\"\n\t\t>\n    \n<div class=\"wao-blocks-row row\" >\n    \n\n<div class=\"col-12 col-md-12 p-0\"\n     \n\t \n\t>\n        \n\n<div id=\"flc-carousel\" data-cellAlign=\"center\" data-bgLazyLoad=\"1\" data-freeScroll=\"true\" data-wrapAround=\"true\" data-autoPlay=\"2000\" data-pauseAutoPlayOnHover =\"true\" data-prevNextButtons=\"false\" data-contain=\"true\" data-pageDots=\"false\" data-draggable=\"false\" data-groupCells=\"1\" data-fade=\"true\" class=\"js--flickity wao-blocks-slider flc-carousel-99206\"  >\n\n                            <div class=\"w-100\">\n                    \n    <div style='background: url(http:\/\/www.crocedimaltahotel.com\/wp-content\/uploads\/2022\/08\/top-dove-siamo.jpg)center center ; background-blend-mode: multiply; background-size: cover; height: 75vh; background-position: center center;' class='wao-blocks-flc-banner'>\n        <div \n            class='carousel-caption mobile-tablet-centered text-center' \n                        style='max-width: 1100px; bottom: 0; background-color:  ; margin:  auto            '>\n            \n<div class=\"position-absolute l--bottom mx-auto z-index-10 text-center px-4 pt-4 d-none d-md-block  max-w-1100\" >\n<div class=\"h1 text-white g--text-shadow my-5 d-block\">Posizione ideale\n<\/div>\n<div class=\"\"><img decoding=\"async\" src=\"http:\/\/www.crocedimaltahotel.com\/wp-content\/uploads\/2022\/08\/fronzolo-bottom.png\" class=\"img-fluid mx-auto mt-4\"\/><\/div>\n<\/div>\n        <\/div>\n        <style>\n            @media screen and (max-width: 992px) {\n                .mobile-tablet-centered {\n                    margin: auto !important;\n                }\n            }\n        <\/style>\n    <\/div>\n    \n                <\/div>\n            \n<\/div>\n    <\/div>\n<\/div>\n<\/section>\n\n<section class=\"wao-blocks-container container-fluid mb-0 g--bkg-light-01\"\n\t\t>\n    \n<div class=\"wao-blocks-row row\" >\n    \n\n<div class=\"col-12 col-md-12 text-center  p-0\"\n     \n\t \n\t>\n        \n<div class=\"mx-auto px-5 pt-5 pb-4\" style=\"max-width:800px;\">\n\n\n<div class=\"breadcrumb-block\"\n    >\n    <div class=\"text-secondary mx-auto text-center small\">\n        <a href=\"https:\/\/www.crocedimaltahotel.com\/de\" rel=\"nofollow\" title=\"Home\">Home &gt;<\/a>\n        Dove siamo    <\/div>\n<\/div>\n\n\n<h1 class=\"wp-block-heading mb-4\">Dove siamo<\/h1>\n\n\n\n<p>L'Hotel Croce di Malta &amp; Mexico si trova in una posizione eccellente, a pochi passi dal mare di Cesenatico e affacciato sul Lungomare Carducci, il viale principale della citt\u00e0. Da qui si possono facilmente raggiungere i principali punti di interesse della zona tra cui i parchi divertimenti pi\u00f9 famosi e le localit\u00e0 pi\u00f9 interessanti da visitare.<\/p>\n\n\n<\/div>\n\n<div class=\"m-0\" style=\"max-height:400px;\"><iframe class=\"js--lazy-load m-0\" title=\"Google Map come raggiungere Hotel Croce di Malta & Mexico Cesenatico\" data-src=\"https:\/\/www.google.com\/maps\/embed?pb=!1m14!1m8!1m3!1d22893.01635918382!2d12.422015905141171!3d44.17354600000001!3m2!1i1024!2i768!4f13.1!3m3!1m2!1s0x132cb7fef81ea0e3%3A0x8d6a087c5d78b297!2sViale%20G.%20Carducci%2C%20352%2C%2047042%20Villamarina%20FC!5e0!3m2!1sit!2sit!4v1659621758789!5m2!1sit!2sit\" width=\"100%\" height=\"400\" style=\"border:0;\" allowfullscreen=\"\" loading=\"lazy\" referrerpolicy=\"no-referrer-when-downgrade\"><\/iframe><\/div>\n    <\/div>\n<\/div>\n<\/section>\n\n<section class=\"wao-blocks-container container-fluid mb-0 d-none d-md-block\"\n\t\t>\n    \n<div class=\"wao-blocks-row row\" >\n    \n\n<div class=\"col-12 col-md-12 p-0\"\n     \n\t \n\t>\n        \n\n<div class=\"wao-blocks-immagine-src\" \n    >\n                    <img decoding=\"async\" src=\"http:\/\/www.crocedimaltahotel.com\/wp-content\/uploads\/2022\/08\/fronzolo-down-1.png\"  class=\"img-fluid\"  alt=\"fronzolo-down\">\n    <\/div>\n    <\/div>\n<\/div>\n<\/section>\n\n<div class=\"mx-auto \" style=\"max-width:1648px;\">\n\n<section class=\"wao-blocks-container container mb-5 mt-5\"\n\t\t>\n    \n<div class=\"wao-blocks-row row\" >\n    \n\n<div class=\"col-12 col-md-12 col-lg-12\"\n     \n\t \n\t>\n        \n<div class=\"p-5\">\n\n\n<h2 class=\"wp-block-heading has-text-align-center mb-4\">Come arrivare a Cesenatico<\/h2>\n\n\n\n<div class=\"wao-blocks-accordion\" id=\"accordion\" >\n        <div class=\"card border-bottom g--b-c-01 border-top-0 border-right-0 border-left-0 mb-3 g--bkg-light-03\">\n        <div class=\"card-header border-0\" id=\"heading_69f3b9c56636b0\">\n            <h5 class=\"mb-0 mt-0\">\n                <button class=\"btn btn-link  font-weight-bold\" data-toggle=\"collapse\"\n                    data-target=\"#collapse_69f3b9c56636b0\" aria-expanded=\"false\"\n                    aria-controls=\"collapse_69f3b9c56636b0\" style=\"white-space: normal;\">\n                    > Come arrivare in treno                <\/button>\n            <\/h5>\n        <\/div>\n        <div id=\"collapse_69f3b9c56636b0\" class=\"collapse\" aria-labelledby=\"headingOne\" data-parent=\"#accordion\">\n            <div class=\"card-body \">\n                Arrivare in treno a Cesenatico non \u00e8 affatto difficile, bisogna solo fare una distinzione tra l\u2019arrivo da nord e l\u2019arrivo da sud Italia. Arrivando da Sud Italia, la fermata migliore \u00e8 quella presso la Stazione di Rimini. Da qui, prendere un treno per Ravenna e dopo 20 minuti circa, scendere alla stazione di Gatteo a Mare. Arrivando da Nord Italia, scendere alla Stazione di Bologna, prendere il treno per Ravenna - Rimini e dopo 1h e 30 minuti circa, scendere alla stazione di Gatteo a Mare. Comodo e veloce il servizio Eurostar ed Intercity di Trenitalia collega Cesenatico anche con Milano e Roma.<br>            <\/div>\n        <\/div>\n    <\/div>\n        <div class=\"card border-bottom g--b-c-01 border-top-0 border-right-0 border-left-0 mb-3 g--bkg-light-03\">\n        <div class=\"card-header border-0\" id=\"heading_69f3b9c56636b1\">\n            <h5 class=\"mb-0 mt-0\">\n                <button class=\"btn btn-link  font-weight-bold\" data-toggle=\"collapse\"\n                    data-target=\"#collapse_69f3b9c56636b1\" aria-expanded=\"false\"\n                    aria-controls=\"collapse_69f3b9c56636b1\" style=\"white-space: normal;\">\n                    > Come arrivare in auto                <\/button>\n            <\/h5>\n        <\/div>\n        <div id=\"collapse_69f3b9c56636b1\" class=\"collapse\" aria-labelledby=\"headingOne\" data-parent=\"#accordion\">\n            <div class=\"card-body \">\n                \u00a0Arrivando da Nord o da Sud Italia, il percorso \u00e8 il medesimo. L\u2019uscita consigliata \u00e8 per entrambi i casi l\u2019uscita A14 Valle del Rubicone. Per giungere a Gatteo a Mare, una volta usciti al nuovo casello si seguono le indicazioni per Cesenatico\/Gatteo a Mare (9 km circa). In alternativa, arrivando da Sud, prendere l\u2019uscita A14 - Rimini Nord: S.S. Adriatica direzione Ravenna. Dopo 8 Km. uscita per Cesenatico. Arrivando da Nord, uscita A14 - Cesena (2a uscita): svoltare a destra in direzione mare e al semaforo della S.S. Adriatica girare a destra. Dopo 6 Km. uscita per Cesenatico.<br>            <\/div>\n        <\/div>\n    <\/div>\n        <div class=\"card border-bottom g--b-c-01 border-top-0 border-right-0 border-left-0 mb-3 g--bkg-light-03\">\n        <div class=\"card-header border-0\" id=\"heading_69f3b9c56636b2\">\n            <h5 class=\"mb-0 mt-0\">\n                <button class=\"btn btn-link  font-weight-bold\" data-toggle=\"collapse\"\n                    data-target=\"#collapse_69f3b9c56636b2\" aria-expanded=\"false\"\n                    aria-controls=\"collapse_69f3b9c56636b2\" style=\"white-space: normal;\">\n                    > Come arrivare in aereo                <\/button>\n            <\/h5>\n        <\/div>\n        <div id=\"collapse_69f3b9c56636b2\" class=\"collapse\" aria-labelledby=\"headingOne\" data-parent=\"#accordion\">\n            <div class=\"card-body \">\n                Arrivare in aereo a Cesenatico, vuol dire affidarsi agli aeroporti romagnoli come quello di Rimini Miramare, l\u2019aeroporto Federico Fellini che si trova a circa 30 km da Cesenatico, oppure l\u2019aeroporto Guglielmo Marconi di Bologna che si trova a circa 110 km. In entrambi i casi, una volta arrivati in aereo a Rimini o Bologna, si pu\u00f2 raggiungere Cesenatico in macchina, con un\u2019auto a noleggio, in taxi, in autobus o in treno dalla stazione di Bologna o dalla stazione di Rimini.<br>            <\/div>\n        <\/div>\n    <\/div>\n    <\/div>\n\n<\/div>\n    <\/div>\n<\/div>\n<\/section>\n\n<\/div>\n\n\n<section class=\"wao-blocks-container container-fluid mb-0\"\n\t\t>\n    \n<div class=\"wao-blocks-row row\" >\n    \n\n<div class=\"col-12 col-md-12\"\n     \n\t \n\t>\n        \n<div class=\"px-4 pt-4\">\n\n\n<div class=\"wao-blocks-immagine-src text-center mx-auto max-w-160px\" \n    >\n                    <img decoding=\"async\" src=\"https:\/\/www.crocedimaltahotel.com\/wp-content\/uploads\/2022\/08\/tracciato-2.png\"  class=\"img-fluid\"  alt=\"decorazione Hotel Croce di Malta & Mexico - Cesenatico\">\n    <\/div>\n\n\n<h2 class=\"wp-block-heading has-text-align-center\">Offerte<\/h2>\n\n\n\n<p class=\"has-text-align-center mb-1\">Le nostre migliori offerte<\/p>\n\n\n<\/div>\n    <\/div>\n<\/div>\n<\/section>\n\n<section class=\"wao-blocks-container container-fluid mb-2\"\n\t\t>\n    \n<div class=\"wao-blocks-row row\" >\n    \n\n<div class=\"col-12 col-md-12 px-5\"\n     \n\t \n\t>\n        \n<div class=\"g--bkg-light-01 text-center\">\n<picture class=\"p-0 m-0\"><img decoding=\"async\" src=\"http:\/\/www.crocedimaltahotel.com\/wp-content\/uploads\/2022\/08\/img-lunetta.png.webp\" class=\"img-fluid mx-auto\" alt=\"decoro - Hotel Croce di Malta e Mexico\"\/><\/picture>\n<div class=\"mx-auto px-5 pt-5\" style=\"max-width:1280px;\" >\n\n\n\t\n\t\t<div class=\"wao-blocks-offerte-slider-v1\">\n\n\t\t\t\t\t<!-- controllo Slide  -->\n\t\t\t\t\t<div class=\"js--slider \" data-arrows=\"false\" data-dots=\"true\" data-autoplay=\"true\" data-slidesToShow=\"3\" data-slidesToShowSM=\"1\" data-slidesToShowXS=\"1\">\n\t\t\t\t\t\t<!-- ciclo di ogni offerta -->\n\t\t\t\t\n<div class=\"g--bkg-light-04 m-2 \">\n\t<div class=\"text-center\">\n\t  <!-- contenitore immagine -->\n\t  \t<div class=\"barret-117608 d-flex align-items-end justify-content-center position-relative\" style=\"background-size: cover; height: 255px; overflow:hidden;\">\n\t\t <!-- inizio timer -->\n\t\t <div class=\"hidden-xl-down g--bkg-light-04 position-absolute l--top l--right p-2 text-primary timer l--b-a-1 border g--b-c-01\" style=\"z-index:800!important;\" id=\"timer_117608\">\n\t\t   <div class=\"text-center text-tertiary font-weight-bold text-uppercase\">L'offerta scade fra<\/div>\n\t\t   <div class=\"text-info\" style=\"display:flex\">\n\t\t\t <div class=\"p-2 g--bkg-light-01 m-1\">\n\t\t\t  <span class=\"days\"><\/span> <span class=\"text-small\">gg<\/span>\n\t\t\t <\/div>\n\t\t\t <div class=\"p-2 g--bkg-light-01 m-1\">\n\t\t\t  <span class=\"hours\"><\/span> <span class=\"text-small\">hh<\/span>\n\t\t\t <\/div>\n\t\t\t <div class=\"p-2 g--bkg-light-01 m-1\">\n\t\t\t  <span class=\"minutes\"><\/span> <span class=\"text-small\">mm<\/span>\n\t\t\t <\/div>\n\t\t\t <div class=\"p-2 g--bkg-light-01 m-1\">\n\t\t\t  <span class=\"seconds\"><\/span> <span class=\"text-small\">ss<\/span>\n\t\t\t <\/div>\n\t\t   <\/div>\n\t\t <\/div>\n\t\t <script type=\"text\/javascript\">setTimeout(function(){ CountDownOfferte('27\/06\/2026', 'timer_117608'); }, 5000); BkgImgOfferta('https:\/\/static.adriasonline.it\/barret\/make\/offerte\/546\/dettaglio\/img_116980.jpg?w=450&h=300&q=80&fit=cover', '117608', 'cover');<\/script>\n\t\t <!-- fine timer -->\n\t\t <div class=\"g--bkg-light-01 p-3\">\n\t\t\t<div class=\"font-weight-bold\">dal 20.06.2026 al 27.06.2026<\/div>\n\t\t<\/div>\n\t  <\/div>\n\t  <!-- fine contenitore immagine -->\n\t  <div class=\"p-4 text-center\" style=\"min-height:280px;\">\n\t  <!-- titolo + sottotitolo -->\n\t  <a href=\"https:\/\/www.crocedimaltahotel.com\/de\/offerte\/vacanze-fine-giugno-settimana-promozionale-116980.php\" class=\"h6\">Juni-Angebot in Cesenatico<\/a>\n\t   <!-- contenitore prezzo -->\n\t   <div class=\"py-3\">\n\t\t<div>Prezzi personalizzati  per 7 giorni\n<\/div>\n\t   <\/div>\n\t\t<!-- fine contenitore prezzo -->\n\t\t<a class=\"btn btn-primary px-4 py-2 rounded-0\" href=\"https:\/\/www.crocedimaltahotel.com\/de\/offerte\/vacanze-fine-giugno-settimana-promozionale-116980.php\" title=\"Juni-Angebot in Cesenatico\" tabindex=\"-1\">Scopri<\/a>\n\t  <\/div>\n\t  \n\t\t<!-- fine titolo + sottotitolo -->\n\t\t\n\t<\/div>\n<\/div>\n\n<div class=\"g--bkg-light-04 m-2 \">\n\t<div class=\"text-center\">\n\t  <!-- contenitore immagine -->\n\t  \t<div class=\"barret-140211 d-flex align-items-end justify-content-center position-relative\" style=\"background-size: cover; height: 255px; overflow:hidden;\">\n\t\t <!-- inizio timer -->\n\t\t <div class=\"hidden-xl-down g--bkg-light-04 position-absolute l--top l--right p-2 text-primary timer l--b-a-1 border g--b-c-01\" style=\"z-index:800!important;\" id=\"timer_140211\">\n\t\t   <div class=\"text-center text-tertiary font-weight-bold text-uppercase\">L'offerta scade fra<\/div>\n\t\t   <div class=\"text-info\" style=\"display:flex\">\n\t\t\t <div class=\"p-2 g--bkg-light-01 m-1\">\n\t\t\t  <span class=\"days\"><\/span> <span class=\"text-small\">gg<\/span>\n\t\t\t <\/div>\n\t\t\t <div class=\"p-2 g--bkg-light-01 m-1\">\n\t\t\t  <span class=\"hours\"><\/span> <span class=\"text-small\">hh<\/span>\n\t\t\t <\/div>\n\t\t\t <div class=\"p-2 g--bkg-light-01 m-1\">\n\t\t\t  <span class=\"minutes\"><\/span> <span class=\"text-small\">mm<\/span>\n\t\t\t <\/div>\n\t\t\t <div class=\"p-2 g--bkg-light-01 m-1\">\n\t\t\t  <span class=\"seconds\"><\/span> <span class=\"text-small\">ss<\/span>\n\t\t\t <\/div>\n\t\t   <\/div>\n\t\t <\/div>\n\t\t <script type=\"text\/javascript\">setTimeout(function(){ CountDownOfferte('09\/08\/2026', 'timer_140211'); }, 5000); BkgImgOfferta('https:\/\/static.adriasonline.it\/barret\/make\/offerte\/546\/dettaglio\/img_140209.jpg?w=450&h=300&q=80&fit=cover', '140211', 'cover');<\/script>\n\t\t <!-- fine timer -->\n\t\t <div class=\"g--bkg-light-01 p-3\">\n\t\t\t<div class=\"font-weight-bold\">dal 25.07.2026 al 09.08.2026<\/div>\n\t\t<\/div>\n\t  <\/div>\n\t  <!-- fine contenitore immagine -->\n\t  <div class=\"p-4 text-center\" style=\"min-height:280px;\">\n\t  <!-- titolo + sottotitolo -->\n\t  <a href=\"https:\/\/www.crocedimaltahotel.com\/de\/offerte\/agosto-a-cesenatico-in-all-inclusive-140209.php\" class=\"h6\">Angebot Anfang August in Cesenatico<\/a>\n\t   <!-- contenitore prezzo -->\n\t   <div class=\"py-3\">\n\t\t<div>Prezzi personalizzati  per 7 giorni\n<\/div>\n\t   <\/div>\n\t\t<!-- fine contenitore prezzo -->\n\t\t<a class=\"btn btn-primary px-4 py-2 rounded-0\" href=\"https:\/\/www.crocedimaltahotel.com\/de\/offerte\/agosto-a-cesenatico-in-all-inclusive-140209.php\" title=\"Angebot Anfang August in Cesenatico\" tabindex=\"-1\">Scopri<\/a>\n\t  <\/div>\n\t  \n\t\t<!-- fine titolo + sottotitolo -->\n\t\t\n\t<\/div>\n<\/div>\n\n<div class=\"g--bkg-light-04 m-2 \">\n\t<div class=\"text-center\">\n\t  <!-- contenitore immagine -->\n\t  \t<div class=\"barret-146740 d-flex align-items-end justify-content-center position-relative\" style=\"background-size: cover; height: 255px; overflow:hidden;\">\n\t\t <!-- inizio timer -->\n\t\t <div class=\"hidden-xl-down g--bkg-light-04 position-absolute l--top l--right p-2 text-primary timer l--b-a-1 border g--b-c-01\" style=\"z-index:800!important;\" id=\"timer_146740\">\n\t\t   <div class=\"text-center text-tertiary font-weight-bold text-uppercase\">L'offerta scade fra<\/div>\n\t\t   <div class=\"text-info\" style=\"display:flex\">\n\t\t\t <div class=\"p-2 g--bkg-light-01 m-1\">\n\t\t\t  <span class=\"days\"><\/span> <span class=\"text-small\">gg<\/span>\n\t\t\t <\/div>\n\t\t\t <div class=\"p-2 g--bkg-light-01 m-1\">\n\t\t\t  <span class=\"hours\"><\/span> <span class=\"text-small\">hh<\/span>\n\t\t\t <\/div>\n\t\t\t <div class=\"p-2 g--bkg-light-01 m-1\">\n\t\t\t  <span class=\"minutes\"><\/span> <span class=\"text-small\">mm<\/span>\n\t\t\t <\/div>\n\t\t\t <div class=\"p-2 g--bkg-light-01 m-1\">\n\t\t\t  <span class=\"seconds\"><\/span> <span class=\"text-small\">ss<\/span>\n\t\t\t <\/div>\n\t\t   <\/div>\n\t\t <\/div>\n\t\t <script type=\"text\/javascript\">setTimeout(function(){ CountDownOfferte('13\/09\/2026', 'timer_146740'); }, 5000); BkgImgOfferta('https:\/\/static.adriasonline.it\/barret\/make\/offerte\/546\/dettaglio\/img_146739.jpg?w=450&h=300&q=80&fit=cover', '146740', 'cover');<\/script>\n\t\t <!-- fine timer -->\n\t\t <div class=\"g--bkg-light-01 p-3\">\n\t\t\t<div class=\"font-weight-bold\">dal 05.09.2026 al 13.09.2026<\/div>\n\t\t<\/div>\n\t  <\/div>\n\t  <!-- fine contenitore immagine -->\n\t  <div class=\"p-4 text-center\" style=\"min-height:280px;\">\n\t  <!-- titolo + sottotitolo -->\n\t  <a href=\"https:\/\/www.crocedimaltahotel.com\/de\/offerte\/offerta-settembre-cesenatico-all-inclusive-146739.php\" class=\"h6\">September-Angebot in Cesenatico<\/a>\n\t   <!-- contenitore prezzo -->\n\t   <div class=\"py-3\">\n\t\t<div>Prezzi personalizzati  per 7 giorni\n<\/div>\n\t   <\/div>\n\t\t<!-- fine contenitore prezzo -->\n\t\t<a class=\"btn btn-primary px-4 py-2 rounded-0\" href=\"https:\/\/www.crocedimaltahotel.com\/de\/offerte\/offerta-settembre-cesenatico-all-inclusive-146739.php\" title=\"September-Angebot in Cesenatico\" tabindex=\"-1\">Scopri<\/a>\n\t  <\/div>\n\t  \n\t\t<!-- fine titolo + sottotitolo -->\n\t\t\n\t<\/div>\n<\/div>\n    \n\t\t\t\t\t\t\t\n\t\t\t<\/div>\n\t\t<\/div>\n\t\n\n<\/div>\n<picture class=\"p-0 m-0\"><img decoding=\"async\" src=\"http:\/\/www.crocedimaltahotel.com\/wp-content\/uploads\/2022\/08\/img-lunetta-down.png\" class=\"img-fluid mx-auto\" alt=\"decoro - Hotel Croce di Malta e Mexico\"\/><\/picture><\/div>\n    <\/div>\n<\/div>\n<\/section>\n\n<section class=\"wao-blocks-container container-fluid mb-2\"\n\t\t>\n    \n<div class=\"wao-blocks-row row\" >\n    \n\n<div class=\"col-12 col-md-12 p-0\"\n     \n\t \n\t>\n        \n<article class=\"js--fixed-limit\"><\/article>\n<div class=\"px-4 py-2\">\n\n\n<div class=\"wao-blocks-immagine-src mx-auto text-center max-w-160px\" \n    >\n                    <img decoding=\"async\" src=\"http:\/\/www.crocedimaltahotel.com\/wp-content\/uploads\/2022\/08\/tracciato-2.png\"  class=\"img-fluid\"  alt=\"tracciato-2\">\n    <\/div>\n\n\n<h2 class=\"wp-block-heading has-text-align-center\">Contattaci<\/h2>\n\n\n\n<p class=\"has-text-align-center mb-1\">Richiedi un preventivo gratuito.<\/p>\n\n\n\n<p class=\"has-text-align-center\"><strong>Hai esigenze particolari, intolleranze o allergie? Indicacelo nel campo apposito del modulo.<\/strong><\/p>\n\n\n<\/div>\n    <\/div>\n<\/div>\n<\/section>\n\n<section class=\"wao-blocks-container container-fluid mb-0 g--bkg-dark-01\"\n\t\t>\n    \n<div class=\"wao-blocks-row row\" >\n    \n\n<div class=\"col-12 col-md-12 p-0 text-center d-flex align-items-start justify-content-center\"\n     \n\t \n\t>\n        \n\n<div class=\"wao-blocks-immagine-src mx-auto text-center\" \n    >\n                    <img decoding=\"async\" src=\"http:\/\/www.crocedimaltahotel.com\/wp-content\/uploads\/2022\/08\/img-lunetta.png\"  class=\"img-fluid\"  alt=\"img-lunetta\">\n    <\/div>\n    <\/div>\n<\/div>\n<\/section>\n\n<div class=\"p-5 g--bkg-dark-01\">\n<div class=\"mx-auto max-width-large\" >\n\n<section class=\"wao-blocks-container container-fluid mb-2\"\n\t\t>\n    \n<div class=\"wao-blocks-row row\" >\n    \n\n<div class=\"col-12 col-md-8 g--bkg-light-04 p-0\"\n     \n\t \n\t>\n        \n<div class=\"d-sm-none d-flex flex-column w-100\">\n\n<div class=\"d-flex flex-column flex-lg-row\" style=\"background-color: #d6cec0\">\n<div class=\"order-2 order-lg-1 col-12 col-lg-7 p-4 max-h-240px\">\n\n\n<p class=\"m-0\"><strong>Vieni in hotel in compagnia del tuo amico peloso?<\/strong><\/p>\n\n\n\n<p class=\"display-5\">Scrivici nelle note razza e peso per un preventivo personalizzato!<\/p>\n\n\n<\/div>\n<div class=\"order-1 order-lg-2 col-12 col-lg-5 p-0 max-h-240px\">\n<picture class=\"d-flex justify-content-end\"><img decoding=\"async\" src=\"https:\/\/www.crocedimaltahotel.com\/wp-content\/uploads\/2024\/03\/hotel-mexico-icona-cane-merida.png\" class=\"img-fluid\"><\/picture>\n<\/div>\n<\/div>\n<\/div>\n\n<div class=\"p-4\">\n\n\n<div class=\"merida_root\" id=\"merida_block\"><\/div>\n\n<script>\nvar merida_config_merida_block = {\n    customerId: 546 ,\n    showSuccessModal : true,\n    rootEl: \"merida_block\",\n    childrenAgeMax: 16,\n    childrenAgeMin: 0,\n    layout: \"default\",\n    language: \"de\",\n        phoneRequired: true,\n            theme : {\n        colors: {\n            primary: '#c4b39c',\n            primaryTextAlt: '#ffffff',\n            secondary: '#333333',\n            secondaryTextAlt: '#ffffff',\n            text: '#333333',\n            error: '#cc0033',\n            formBackground: '#ffffff',\n            label: '#4d4d4d',\n            labelInput: '#333333',\n            labelInputActive: '#7ebd6d',\n            inputBackground: '#eeeeee',\n            inputBorder: '#eeeeee',\n            checkboxBorder: '#eeeeee',\n        }\n    },\n    onSuccess : function(res) {\n        \n        dataLayer.push({'event':'editaRichieste Preventivo',\n'eventCategory' : 'Richieste Preventivo',\n'eventAction' : 'Submit',\n'eventLabel' : '{{url pagina}}',\n'eventValue' : '10',\n'eventNhi' : 'FALSE',\n'eventFacebook': 'Richieste Preventivo Submit',\n'eventFbStandard': 'Lead'\n})    }\n};\n\n(function(url, cb) {\n    var s = document.createElement(\"script\");\n    s.type = \"text\/javascript\";\n\n    if (s.readyState) { \/\/IE\n        s.onreadystatechange = function() {\n            if (s.readyState == \"loaded\" || s.readyState == \"complete\") {\n                s.onreadystatechange = null;\n                cb();\n            }\n        };\n    } else { \/\/Others\n        s.onload = function() {\n            cb();\n        };\n    }\n\n    s.src = url;\n    document.getElementsByTagName(\"head\")[0].appendChild(s);\n})(\"https:\/\/static.adriasonline.it\/merida\/latest\/merida.js\", function() {\n    window.aoForm = merida(merida_config_merida_block);\n});\n<\/script>\n\n<\/div>\n    <\/div>\n\n\n<div class=\"col-12 col-md-4 p-0 g--bkg-light-01 d-flex  justify-content-center\"\n     \n\t \n\t>\n        \n<div class=\"w-100\">\n\n<div class=\"px-4 py-5\">\n\n\n<h2 class=\"wp-block-heading mb-5\">Perch\u00e8 sceglierci<\/h2>\n\n\n<div class=\"d-flex align-items-start justify-content-start py-3\">\n<div class=\"pr-2 display-3 text-primary\"><i class=\"fas fa-check\"><\/i><\/div>\n<div>\n\n\n<h4 class=\"wp-block-heading\">Posizione sul mare <\/h4>\n\n\n<\/div>\n<\/div>\n<div class=\"d-flex align-items-start justify-content-start py-3\">\n<div class=\"pr-2 display-3 text-primary\"><i class=\"fas fa-check\"><\/i><\/div>\n<div>\n\n\n<h4 class=\"wp-block-heading\">Ambienti tranquilli, curati e moderni <\/h4>\n\n\n<\/div>\n<\/div>\n<div class=\"d-flex align-items-start justify-content-start py-3\">\n<div class=\"pr-2 display-3 text-primary\"><i class=\"fas fa-check\"><\/i><\/div>\n<div>\n\n\n<h4 class=\"wp-block-heading\">Moderna piscina con solarium <\/h4>\n\n\n<\/div>\n<\/div>\n<div class=\"d-flex align-items-start justify-content-start py-3\">\n<div class=\"pr-2 display-3 text-primary\"><i class=\"fas fa-check\"><\/i><\/div>\n<div>\n\n\n<h4 class=\"wp-block-heading\">Ampio parcheggio privato <\/h4>\n\n\n<\/div>\n<\/div>\n<div class=\"d-flex align-items-start justify-content-start py-3\">\n<div class=\"pr-2 display-3 text-primary\"><i class=\"fas fa-check\"><\/i><\/div>\n<div>\n\n\n<h4 class=\"wp-block-heading\">Formula All Inclusive<\/h4>\n\n\n<\/div>\n<\/div>\n<\/div>\n<\/div>\n    <\/div>\n<\/div>\n<\/section>\n\n<\/div><\/div>\n\n<section class=\"wao-blocks-container container-fluid mb-2 d-none d-md-block\"\n\t\t>\n    \n<div class=\"wao-blocks-row row\" >\n    \n\n<div class=\"col-12 col-md-12 p-0\"\n     \n\t \n\t>\n        \n\n<div class=\"wao-blocks-immagine-src\" \n    >\n                    <img decoding=\"async\" src=\"http:\/\/www.crocedimaltahotel.com\/wp-content\/uploads\/2022\/08\/fronzolo-down-1.png\"  class=\"img-fluid\"  alt=\"fronzolo-down\">\n    <\/div>\n    <\/div>\n<\/div>\n<\/section>","protected":false},"excerpt":{"rendered":"","protected":false},"author":1,"featured_media":0,"parent":0,"menu_order":0,"comment_status":"closed","ping_status":"closed","template":"","meta":{"footnotes":""},"class_list":["post-1099","page","type-page","status-publish","hentry"],"_links":{"self":[{"href":"https:\/\/www.crocedimaltahotel.com\/de\/wp-json\/wp\/v2\/pages\/1099","targetHints":{"allow":["GET"]}}],"collection":[{"href":"https:\/\/www.crocedimaltahotel.com\/de\/wp-json\/wp\/v2\/pages"}],"about":[{"href":"https:\/\/www.crocedimaltahotel.com\/de\/wp-json\/wp\/v2\/types\/page"}],"author":[{"embeddable":true,"href":"https:\/\/www.crocedimaltahotel.com\/de\/wp-json\/wp\/v2\/users\/1"}],"replies":[{"embeddable":true,"href":"https:\/\/www.crocedimaltahotel.com\/de\/wp-json\/wp\/v2\/comments?post=1099"}],"version-history":[{"count":11,"href":"https:\/\/www.crocedimaltahotel.com\/de\/wp-json\/wp\/v2\/pages\/1099\/revisions"}],"predecessor-version":[{"id":1984,"href":"https:\/\/www.crocedimaltahotel.com\/de\/wp-json\/wp\/v2\/pages\/1099\/revisions\/1984"}],"wp:attachment":[{"href":"https:\/\/www.crocedimaltahotel.com\/de\/wp-json\/wp\/v2\/media?parent=1099"}],"curies":[{"name":"wp","href":"https:\/\/api.w.org\/{rel}","templated":true}]}}