{"id":1069,"date":"2022-08-08T17:00:29","date_gmt":"2022-08-08T15:00:29","guid":{"rendered":"http:\/\/www.crocedimaltahotel.com\/?page_id=1069"},"modified":"2025-07-15T12:29:23","modified_gmt":"2025-07-15T10:29:23","slug":"cesenatico","status":"publish","type":"page","link":"https:\/\/www.crocedimaltahotel.com\/en\/cesenatico\/","title":{"rendered":"Cesenatico"},"content":{"rendered":"<section class=\"wao-blocks-container container-fluid mb-0\"\n\t\t>\n    \n<div class=\"wao-blocks-row row\" >\n    \n\n<div class=\"col-12 col-md-12 p-0\"\n     \n\t \n\t>\n        \n\n<div id=\"flc-carousel\" data-cellAlign=\"center\" data-bgLazyLoad=\"1\" data-freeScroll=\"true\" data-wrapAround=\"true\" data-autoPlay=\"2000\" data-pauseAutoPlayOnHover =\"true\" data-prevNextButtons=\"false\" data-contain=\"true\" data-pageDots=\"false\" data-draggable=\"false\" data-groupCells=\"1\" data-fade=\"true\" class=\"js--flickity wao-blocks-slider flc-carousel-52918\"  >\n\n                            <div class=\"w-100\">\n                    \n    <div style='background: url(http:\/\/www.crocedimaltahotel.com\/wp-content\/uploads\/2022\/08\/top-cesenatico.jpg)center center ; background-blend-mode: multiply; background-size: cover; height: 75vh; background-position: center center;' class='wao-blocks-flc-banner'>\n        <div \n            class='carousel-caption mobile-tablet-centered text-center' \n                        style='max-width: 1100px; bottom: 0; background-color:  ; margin:  auto            '>\n            \n<div class=\"position-absolute l--bottom mx-auto z-index-10 text-center px-4 pt-4 d-none d-md-block  max-w-1100\"  >\n<div class=\"h1 text-white g--text-shadow my-5 d-block\">Vacanze per tutta la famiglia\n<\/div>\n<div class=\"\"><img decoding=\"async\" src=\"http:\/\/www.crocedimaltahotel.com\/wp-content\/uploads\/2022\/08\/fronzolo-bottom.png\" class=\"img-fluid mx-auto mt-4\"\/><\/div>\n<\/div>\n        <\/div>\n        <style>\n            @media screen and (max-width: 992px) {\n                .mobile-tablet-centered {\n                    margin: auto !important;\n                }\n            }\n        <\/style>\n    <\/div>\n    \n                <\/div>\n            \n<\/div>\n    <\/div>\n<\/div>\n<\/section>\n\n<section class=\"wao-blocks-container container-fluid mb-0 g--bkg-light-01\"\n\t\t>\n    \n<div class=\"wao-blocks-row row\" >\n    \n\n<div class=\"col-12 col-md-12 text-center  p-0\"\n     \n\t \n\t>\n        \n<div class=\"mx-auto px-5 pt-5 pb-4\" style=\"max-width:800px;\">\n\n\n<div class=\"breadcrumb-block\"\n    >\n    <div class=\"text-secondary mx-auto text-center small\">\n        <a href=\"https:\/\/www.crocedimaltahotel.com\/en\" rel=\"nofollow\" title=\"Home\">Home &gt;<\/a>\n        Cesenatico    <\/div>\n<\/div>\n\n\n<h1 class=\"wp-block-heading mb-4\">Cesenatico<\/h1>\n\n\n\n<p>Terra antica di pescatori, oggi una vitale e tranquilla localit\u00e0 balneare ideale per le vacanze di tutta la famiglia, ricca di servizi e proposte per grandi e bambini. Non solo mare, anche un bel borgo da visitare.<\/p>\n\n\n<\/div>\n    <\/div>\n<\/div>\n<\/section>\n\n<section class=\"wao-blocks-container container-fluid mb-0 d-none d-md-block\"\n\t\t>\n    \n<div class=\"wao-blocks-row row\" >\n    \n\n<div class=\"col-12 col-md-12 p-0\"\n     \n\t \n\t>\n        \n\n<div class=\"wao-blocks-immagine-src\" \n    >\n                    <img decoding=\"async\" src=\"http:\/\/www.crocedimaltahotel.com\/wp-content\/uploads\/2022\/08\/fronzolo-down-1.png\"  class=\"img-fluid\"  alt=\"fronzolo-down\">\n    <\/div>\n    <\/div>\n<\/div>\n<\/section>\n\n<div class=\"mx-auto max-width-large\" >\n\n<section class=\"wao-blocks-container container-fluid mb-5 mt-5\"\n\t\t>\n    \n<div class=\"wao-blocks-row row\" >\n    \n\n<div class=\"col-12 col-md-12 col-lg-5 order-lg-1 order-2 position-relative  d-flex align-items-center justify-content-end\"\n     \n\t \n\t>\n        \n<div class=\"p-4\">\n\n\n<h2 class=\"wp-block-heading mb-4\">Luoghi di interesse<\/h2>\n\n\n\n<p>Cesenatico vanta un pregevole porto-canale realizzato nel 1500 da un progetto originale di Leonardo da Vinci. Secondo le intenzioni di Da Vinci e dell'amministrazione cittadina dell'epoca, questo canale avrebbe dovuto raggiungere Cesena, citt\u00e0 dell'entroterra a circa 15 km da Cesenatico.&nbsp;<\/p>\n\n\n\n<p>La parte nuova della citt\u00e0, che si sviluppa intorno al Viale Carducci, asse parallelo al lungomare, \u00e8 stata dedicata a negozi, ristoranti, sale giochi, bar e pub. Sul lungomare, invece, si possono ancora ammirare dei villini storici costruiti nei primi anni del 1900 e l\u2019ex colonia Veronese.<\/p>\n\n\n<\/div>\n    <\/div>\n\n\n<div class=\"col-12 col-lg-7 order-lg-2 order-1\"\n     \n\t \n\t>\n        \n\n<div class=\"wao-blocks-immagine-src\" \n    >\n             <a style=\";\" href=\"http:\/\/www.crocedimaltahotel.com\/wp-content\/uploads\/2022\/08\/cesenatico-img-002-1024x683.jpg\" rel=\"ilightBox\" title=\"Apri la galleria\">\n                    <img decoding=\"async\" src=\"http:\/\/www.crocedimaltahotel.com\/wp-content\/uploads\/2022\/08\/cesenatico-img-002-1024x683.jpg\"  class=\"img-fluid\"  alt=\"cesenatico-img-002\">\n     <\/a> <\/div>\n    <\/div>\n<\/div>\n<\/section>\n\n<section class=\"wao-blocks-container container-fluid mb-2\"\n\t\t>\n    \n<div class=\"wao-blocks-row row\" >\n    \n\n<div class=\"col-12 col-lg-7\"\n     \n\t \n\t>\n        \n\n<div class=\"wao-blocks-immagine-src\" \n    >\n             <a style=\";\" href=\"http:\/\/www.crocedimaltahotel.com\/wp-content\/uploads\/2022\/08\/cesenatico-img-001-1024x683.jpg\" rel=\"ilightBox\" title=\"Apri la galleria\">\n                    <img decoding=\"async\" src=\"http:\/\/www.crocedimaltahotel.com\/wp-content\/uploads\/2022\/08\/cesenatico-img-001-1024x683.jpg\"  class=\"img-fluid\"  alt=\"cesenatico-img-001\">\n     <\/a> <\/div>\n    <\/div>\n\n\n<div class=\"col-12 col-md-12 col-lg-5 position-relative d-flex align-items-center justify-content-start\"\n     \n\t \n\t>\n        \n<div class=\"p-4\" style=\"max-width:\">\n\n\n<h2 class=\"wp-block-heading mb-4\">Cultura ed eventi<\/h2>\n\n\n\n<p>Cesenatico \u00e8 la terra natale del celebre poeta Marino Moretti, di cui si pu\u00f2 visitare l'abitazione sul porto canale nella via a lui dedicata. In suo onore \u00e8 stato istituito il Premio Biennale Marino Moretti per la filologia, la storia e la critica nell'ambito della letteratura italiana dell'Otto e Novecento.&nbsp;<\/p>\n\n\n\n<p>A Cesenatico dal 1971, si svolge la Nove Colli, una tra le pi\u00f9 conosciute Granfondo Ciclistiche. Dal 1989, \u00e8 sede della fase nazionale delle Olimpiadi della Matematica. Invece, durante il Natale sulle barche del Museo della Marineria viene allestito un bellissimo presepe. In estate, La Notte Rosa \u00e8 l'evento pi\u00f9 atteso e festaiolo sulla Riviera, con concerti gratuiti nelle piazze e tantissime manifestazioni per tutta la famiglia, per una notte e molto pi\u00f9!<\/p>\n\n\n<\/div>\n    <\/div>\n<\/div>\n<\/section>\n\n<\/div>\n\n\n<section class=\"wao-blocks-container container-fluid mb-0\"\n\t\t>\n    \n<div class=\"wao-blocks-row row\" >\n    \n\n<div class=\"col-12 col-md-12\"\n     \n\t \n\t>\n        \n<div class=\"px-4 pt-4\">\n\n\n<div class=\"wao-blocks-immagine-src text-center mx-auto max-w-160px\" \n    >\n                    <img decoding=\"async\" src=\"https:\/\/www.crocedimaltahotel.com\/wp-content\/uploads\/2022\/08\/tracciato-2.png\"  class=\"img-fluid\"  alt=\"decorazione Hotel Croce di Malta & Mexico - Cesenatico\">\n    <\/div>\n\n\n<h2 class=\"wp-block-heading has-text-align-center\">Offerte<\/h2>\n\n\n\n<p class=\"has-text-align-center mb-1\">Le nostre migliori offerte<\/p>\n\n\n<\/div>\n    <\/div>\n<\/div>\n<\/section>\n\n<section class=\"wao-blocks-container container-fluid mb-2\"\n\t\t>\n    \n<div class=\"wao-blocks-row row\" >\n    \n\n<div class=\"col-12 col-md-12 px-5\"\n     \n\t \n\t>\n        \n<div class=\"g--bkg-light-01 text-center\">\n<picture class=\"p-0 m-0\"><img decoding=\"async\" src=\"http:\/\/www.crocedimaltahotel.com\/wp-content\/uploads\/2022\/08\/img-lunetta.png.webp\" class=\"img-fluid mx-auto\" alt=\"decoro - Hotel Croce di Malta e Mexico\"\/><\/picture>\n<div class=\"mx-auto px-5 pt-5\" style=\"max-width:1280px;\" >\n\n\n\t \n\n\t\t<article class=\"row\">\n\t\t\t<div class=\"col-12\">\n\t\t\t\t<div class=\"text-center alert alert-warning \">\n\t\t\t\t\t<h4>Sorry, there are no deals available.<\/h4>\n\t\t\t\t\t<p>Have a look to our <a href=\"https:\/\/www.crocedimaltahotel.com\/en\/listino\/\" title=\"Vai alla pagina\"> <b>listino prezzi<\/b> <\/a><\/p>\n\t\t\t\t\t\t\t\t\t<\/div>\n\t\t\t<\/div>\n\t\t<\/article>\n\t\n\n<\/div>\n<picture class=\"p-0 m-0\"><img decoding=\"async\" src=\"http:\/\/www.crocedimaltahotel.com\/wp-content\/uploads\/2022\/08\/img-lunetta-down.png\" class=\"img-fluid mx-auto\" alt=\"decoro - Hotel Croce di Malta e Mexico\"\/><\/picture><\/div>\n    <\/div>\n<\/div>\n<\/section>\n\n<section class=\"wao-blocks-container container-fluid mb-2\"\n\t\t>\n    \n<div class=\"wao-blocks-row row\" >\n    \n\n<div class=\"col-12 col-md-12 p-0\"\n     \n\t \n\t>\n        \n<article class=\"js--fixed-limit\"><\/article>\n<div class=\"px-4 py-2\">\n\n\n<div class=\"wao-blocks-immagine-src mx-auto text-center max-w-160px\" \n    >\n                    <img decoding=\"async\" src=\"http:\/\/www.crocedimaltahotel.com\/wp-content\/uploads\/2022\/08\/tracciato-2.png\"  class=\"img-fluid\"  alt=\"tracciato-2\">\n    <\/div>\n\n\n<h2 class=\"wp-block-heading has-text-align-center\">Contattaci<\/h2>\n\n\n\n<p class=\"has-text-align-center mb-1\">Richiedi un preventivo gratuito.<\/p>\n\n\n\n<p class=\"has-text-align-center\"><strong>Hai esigenze particolari, intolleranze o allergie? Indicacelo nel campo apposito del modulo.<\/strong><\/p>\n\n\n<\/div>\n    <\/div>\n<\/div>\n<\/section>\n\n<section class=\"wao-blocks-container container-fluid mb-0 g--bkg-dark-01\"\n\t\t>\n    \n<div class=\"wao-blocks-row row\" >\n    \n\n<div class=\"col-12 col-md-12 p-0 text-center d-flex align-items-start justify-content-center\"\n     \n\t \n\t>\n        \n\n<div class=\"wao-blocks-immagine-src mx-auto text-center\" \n    >\n                    <img decoding=\"async\" src=\"http:\/\/www.crocedimaltahotel.com\/wp-content\/uploads\/2022\/08\/img-lunetta.png\"  class=\"img-fluid\"  alt=\"img-lunetta\">\n    <\/div>\n    <\/div>\n<\/div>\n<\/section>\n\n<div class=\"p-5 g--bkg-dark-01\">\n<div class=\"mx-auto max-width-large\" >\n\n<section class=\"wao-blocks-container container-fluid mb-2\"\n\t\t>\n    \n<div class=\"wao-blocks-row row\" >\n    \n\n<div class=\"col-12 col-md-8 g--bkg-light-04 p-0\"\n     \n\t \n\t>\n        \n<div class=\"d-sm-none d-flex flex-column w-100\">\n\n<div class=\"d-flex flex-column flex-lg-row\" style=\"background-color: #d6cec0\">\n<div class=\"order-2 order-lg-1 col-12 col-lg-7 p-4 max-h-240px\">\n\n\n<p class=\"m-0\"><strong>Vieni in hotel in compagnia del tuo amico peloso?<\/strong><\/p>\n\n\n\n<p class=\"display-5\">Scrivici nelle note razza e peso per un preventivo personalizzato!<\/p>\n\n\n<\/div>\n<div class=\"order-1 order-lg-2 col-12 col-lg-5 p-0 max-h-240px\">\n<picture class=\"d-flex justify-content-end\"><img decoding=\"async\" src=\"https:\/\/www.crocedimaltahotel.com\/wp-content\/uploads\/2024\/03\/hotel-mexico-icona-cane-merida.png\" class=\"img-fluid\"><\/picture>\n<\/div>\n<\/div>\n<\/div>\n\n<div class=\"p-4\">\n\n\n<div class=\"merida_root\" id=\"merida_block\"><\/div>\n\n<script>\nvar merida_config_merida_block = {\n    customerId: 546 ,\n    showSuccessModal : true,\n    rootEl: \"merida_block\",\n    childrenAgeMax: 16,\n    childrenAgeMin: 0,\n    layout: \"default\",\n    language: \"en\",\n        phoneRequired: true,\n            theme : {\n        colors: {\n            primary: '#c4b39c',\n            primaryTextAlt: '#ffffff',\n            secondary: '#333333',\n            secondaryTextAlt: '#ffffff',\n            text: '#333333',\n            error: '#cc0033',\n            formBackground: '#ffffff',\n            label: '#4d4d4d',\n            labelInput: '#333333',\n            labelInputActive: '#7ebd6d',\n            inputBackground: '#eeeeee',\n            inputBorder: '#eeeeee',\n            checkboxBorder: '#eeeeee',\n        }\n    },\n    onSuccess : function(res) {\n        \n        dataLayer.push({'event':'editaRichieste Preventivo',\n'eventCategory' : 'Richieste Preventivo',\n'eventAction' : 'Submit',\n'eventLabel' : '{{url pagina}}',\n'eventValue' : '10',\n'eventNhi' : 'FALSE',\n'eventFacebook': 'Richieste Preventivo Submit',\n'eventFbStandard': 'Lead'\n})    }\n};\n\n(function(url, cb) {\n    var s = document.createElement(\"script\");\n    s.type = \"text\/javascript\";\n\n    if (s.readyState) { \/\/IE\n        s.onreadystatechange = function() {\n            if (s.readyState == \"loaded\" || s.readyState == \"complete\") {\n                s.onreadystatechange = null;\n                cb();\n            }\n        };\n    } else { \/\/Others\n        s.onload = function() {\n            cb();\n        };\n    }\n\n    s.src = url;\n    document.getElementsByTagName(\"head\")[0].appendChild(s);\n})(\"https:\/\/static.adriasonline.it\/merida\/latest\/merida.js\", function() {\n    window.aoForm = merida(merida_config_merida_block);\n});\n<\/script>\n\n<\/div>\n    <\/div>\n\n\n<div class=\"col-12 col-md-4 p-0 g--bkg-light-01 d-flex  justify-content-center\"\n     \n\t \n\t>\n        \n<div class=\"w-100\">\n\n<div class=\"px-4 py-5\">\n\n\n<h2 class=\"wp-block-heading mb-5\">Perch\u00e8 sceglierci<\/h2>\n\n\n<div class=\"d-flex align-items-start justify-content-start py-3\">\n<div class=\"pr-2 display-3 text-primary\"><i class=\"fas fa-check\"><\/i><\/div>\n<div>\n\n\n<h4 class=\"wp-block-heading\">Posizione sul mare <\/h4>\n\n\n<\/div>\n<\/div>\n<div class=\"d-flex align-items-start justify-content-start py-3\">\n<div class=\"pr-2 display-3 text-primary\"><i class=\"fas fa-check\"><\/i><\/div>\n<div>\n\n\n<h4 class=\"wp-block-heading\">Ambienti tranquilli, curati e moderni <\/h4>\n\n\n<\/div>\n<\/div>\n<div class=\"d-flex align-items-start justify-content-start py-3\">\n<div class=\"pr-2 display-3 text-primary\"><i class=\"fas fa-check\"><\/i><\/div>\n<div>\n\n\n<h4 class=\"wp-block-heading\">Moderna piscina con solarium <\/h4>\n\n\n<\/div>\n<\/div>\n<div class=\"d-flex align-items-start justify-content-start py-3\">\n<div class=\"pr-2 display-3 text-primary\"><i class=\"fas fa-check\"><\/i><\/div>\n<div>\n\n\n<h4 class=\"wp-block-heading\">Ampio parcheggio privato <\/h4>\n\n\n<\/div>\n<\/div>\n<div class=\"d-flex align-items-start justify-content-start py-3\">\n<div class=\"pr-2 display-3 text-primary\"><i class=\"fas fa-check\"><\/i><\/div>\n<div>\n\n\n<h4 class=\"wp-block-heading\">Formula All Inclusive<\/h4>\n\n\n<\/div>\n<\/div>\n<\/div>\n<\/div>\n    <\/div>\n<\/div>\n<\/section>\n\n<\/div><\/div>\n\n<section class=\"wao-blocks-container container-fluid mb-2 d-none d-md-block\"\n\t\t>\n    \n<div class=\"wao-blocks-row row\" >\n    \n\n<div class=\"col-12 col-md-12 p-0\"\n     \n\t \n\t>\n        \n\n<div class=\"wao-blocks-immagine-src\" \n    >\n                    <img decoding=\"async\" src=\"http:\/\/www.crocedimaltahotel.com\/wp-content\/uploads\/2022\/08\/fronzolo-down-1.png\"  class=\"img-fluid\"  alt=\"fronzolo-down\">\n    <\/div>\n    <\/div>\n<\/div>\n<\/section>\n\n<section class=\"wao-blocks-container container-fluid mb-0\"\n\t\t>\n    \n<div class=\"wao-blocks-row row\" >\n    \n\n<div class=\"col-12 col-md-12 p-0\"\n     \n\t \n\t>\n        \n<div class=\"mx-auto px-5 py-4\">\n\n\n<h2 class=\"has-text-align-center wp-block-heading\">Dove siamo<\/h2>\n\n\n\n<p class=\"has-text-align-center\">L\u2019Hotel Croce di Malta &amp; Mexico si trova in una posizione eccellente.<\/p>\n\n\n\n<div class=\"wao-blocks-button text-center\" >\n\t<a href=\"http:\/\/www.crocedimaltahotel.com\/dove-siamo\/\" \n\t\tclass=\"btn btn-primary px-4 rounded-0 font-weight-bold \"\n        title=\"Come raggiungere Hotel Croce di Malta & Mexico Cesenatico\" \n\t\t\t\ttitle=\"Scopri\" \n\t>\t\n\t\t\t\tScopri\t\t\t<\/a>\n<\/div>\n\n<\/div>\n    <\/div>\n<\/div>\n<\/section>\n\n<section class=\"wao-blocks-container container-fluid mb-0\"\n\tstyle=\" min-height: 300\"\t>\n    \n<div class=\"wao-blocks-row row\" >\n    \n\n<div class=\"col-12 col-md-12 p-0\"\n     \n\t \n\t>\n        \n<div class=\"m-0\" style=\"max-height:400px;\"><iframe class=\"js--lazy-load m-0\" title=\"Google Map come raggiungere Hotel Croce di Malta & Mexico Cesenatico\" data-src=\"https:\/\/www.google.com\/maps\/embed?pb=!1m14!1m8!1m3!1d22893.01635918382!2d12.422015905141171!3d44.17354600000001!3m2!1i1024!2i768!4f13.1!3m3!1m2!1s0x132cb7fef81ea0e3%3A0x8d6a087c5d78b297!2sViale%20G.%20Carducci%2C%20352%2C%2047042%20Villamarina%20FC!5e0!3m2!1sit!2sit!4v1659621758789!5m2!1sit!2sit\" width=\"100%\" height=\"400\" style=\"border:0;\" allowfullscreen=\"\" loading=\"lazy\" referrerpolicy=\"no-referrer-when-downgrade\"><\/iframe><\/div>\n    <\/div>\n<\/div>\n<\/section>\n\n<section class=\"wao-blocks-container container-fluid mb-2 g--bkg-dark-01\"\n\t\t>\n    \n<div class=\"wao-blocks-row row\" >\n    \n\n<div class=\"col-12 col-md-12\"\n     \n\t \n\t>\n        \n<div class=\"text-center p-5 mx-auto\" >\n\n\n<h2 class=\"wp-block-heading\">Iscriviti alla nostra Newsletter<\/h2>\n\n\n\n<p class=\"my-4\">Resta aggiornato con offerte per l\u2019estate, novit\u00e0 e tanto altro!<\/p>\n\n\n<div class=\"mx-auto\"  style=\"max-width:800px;\">\n<script>\nlet linguaEXT =window.location.pathname.slice(0,4);\/\/navigator.language;\nlet lingua='it';\nif(linguaEXT=='\/en\/' || linguaEXT=='\/de\/' || linguaEXT=='\/fr\/'){\n  lingua=linguaEXT.slice(1,3);  \n}\nconsole.log(lingua);\nif(lingua=='en'){\n  document.write('<div  class=\"app-embedded-form-public\" data-base-url=\"https:\/\/platform.rdcom.com\" data-embedded-form-id=\"47f45cc4-2a97-4445-85a6-b6442e537981\" data-embedded-form-id=\"47f45cc4-2a97-4445-85a6-b6442e537981\" data-list-code=\"d1e4b563-a124-4d21-98f1-557af1135b9c\" >');\n}else if(lingua=='de'){\n  document.write('<div class=\"app-embedded-form-public\" data-base-url=\"https:\/\/platform.rdcom.com\" data-embedded-form-id=\"d3333c1f-df57-40ec-87d7-4ef13584b858\" data-embedded-form-id=\"d3333c1f-df57-40ec-87d7-4ef13584b858\" data-list-code=\"53444aa2-9e90-4758-bd8f-06ff9e948a16\" >');\n}else if(lingua=='fr'){\n  document.write('<div class=\"app-embedded-form-public\" data-base-url=\"https:\/\/platform.rdcom.com\" data-embedded-form-id=\"60b1de79-a289-4f93-b7ac-951fbfe770b0\" data-embedded-form-id=\"60b1de79-a289-4f93-b7ac-951fbfe770b0\" data-list-code=\"01abd67b-a283-4820-ab13-763fa44d41bf\" >');\n}else{\n  document.write('<div class=\"app-embedded-form-public\" data-base-url=\"https:\/\/platform.rdcom.com\" data-embedded-form-id=\"8116e02b-4cfb-4405-b2bd-049bc389ef67\" data-embedded-form-id=\"8116e02b-4cfb-4405-b2bd-049bc389ef67\" data-list-code=\"b965bfe0-39dd-4d90-94bd-3bda000b578c\" >');\n}\n<\/script>\n  <script src=\"https:\/\/platform.rdcom.com\/static\/frontend-apps-dist\/embedded-form\/public.js\"><\/script>\n<\/div>\n\n\n\n<\/div><\/div>\n    <\/div>\n<\/div>\n<\/section>","protected":false},"excerpt":{"rendered":"","protected":false},"author":1,"featured_media":0,"parent":0,"menu_order":0,"comment_status":"closed","ping_status":"closed","template":"","meta":{"footnotes":""},"class_list":["post-1069","page","type-page","status-publish","hentry"],"_links":{"self":[{"href":"https:\/\/www.crocedimaltahotel.com\/en\/wp-json\/wp\/v2\/pages\/1069","targetHints":{"allow":["GET"]}}],"collection":[{"href":"https:\/\/www.crocedimaltahotel.com\/en\/wp-json\/wp\/v2\/pages"}],"about":[{"href":"https:\/\/www.crocedimaltahotel.com\/en\/wp-json\/wp\/v2\/types\/page"}],"author":[{"embeddable":true,"href":"https:\/\/www.crocedimaltahotel.com\/en\/wp-json\/wp\/v2\/users\/1"}],"replies":[{"embeddable":true,"href":"https:\/\/www.crocedimaltahotel.com\/en\/wp-json\/wp\/v2\/comments?post=1069"}],"version-history":[{"count":7,"href":"https:\/\/www.crocedimaltahotel.com\/en\/wp-json\/wp\/v2\/pages\/1069\/revisions"}],"predecessor-version":[{"id":1983,"href":"https:\/\/www.crocedimaltahotel.com\/en\/wp-json\/wp\/v2\/pages\/1069\/revisions\/1983"}],"wp:attachment":[{"href":"https:\/\/www.crocedimaltahotel.com\/en\/wp-json\/wp\/v2\/media?parent=1069"}],"curies":[{"name":"wp","href":"https:\/\/api.w.org\/{rel}","templated":true}]}}