{"id":1113,"date":"2022-08-08T17:52:28","date_gmt":"2022-08-08T15:52:28","guid":{"rendered":"http:\/\/www.crocedimaltahotel.com\/?page_id=1113"},"modified":"2022-08-10T12:08:39","modified_gmt":"2022-08-10T10:08:39","slug":"sicurezza-covid","status":"publish","type":"page","link":"https:\/\/www.crocedimaltahotel.com\/fr\/sicurezza-covid\/","title":{"rendered":"Covide de s\u00e9curit\u00e9"},"content":{"rendered":"<section class=\"wao-blocks-container container-fluid mb-0 g--bkg-light-01\"\n\t\t>\n    \n<div class=\"wao-blocks-row row\" >\n    \n\n<div class=\"col-12 col-md-12 text-center  p-0\"\n     \n\t \n\t>\n        \n<div class=\"mx-auto px-5 pt-5 pb-4\" style=\"max-width:800px;\">\n\n\n<div class=\"breadcrumb-block\"\n    >\n    <div class=\"text-secondary mx-auto text-center small\">\n        <a href=\"https:\/\/www.crocedimaltahotel.com\/fr\" rel=\"nofollow\" title=\"Home\">Home &gt;<\/a>\n        Sicurezza covid    <\/div>\n<\/div>\n\n\n<h1 class=\"mb-4 wp-block-heading\">&nbsp;Estate sicura<\/h1>\n\n\n\n<p>Per potervi accogliere in sicurezza anche questa estate 2022, abbiamo deciso di continuare ad adottare diverse misure per la vostra sicurezza. Vogliamo essere tutti pi\u00f9 sereni per farvi trascorrere una vacanza pi\u00f9 piacevole possibile.<\/p>\n\n\n<\/div>\n    <\/div>\n<\/div>\n<\/section>\n\n<section class=\"wao-blocks-container container-fluid mb-0 d-none d-md-block\"\n\t\t>\n    \n<div class=\"wao-blocks-row row\" >\n    \n\n<div class=\"col-12 col-md-12 p-0\"\n     \n\t \n\t>\n        \n\n<div class=\"wao-blocks-immagine-src\" \n    >\n                    <img decoding=\"async\" src=\"http:\/\/www.crocedimaltahotel.com\/wp-content\/uploads\/2022\/08\/fronzolo-down-1.png\"  class=\"img-fluid\"  alt=\"fronzolo-down\">\n    <\/div>\n    <\/div>\n<\/div>\n<\/section>\n\n<section class=\"wao-blocks-container container mb-2\"\n\t\t>\n    \n<div class=\"wao-blocks-row row\" >\n    \n\n<div class=\"col-12 col-md-12 p-5 text-left\"\n     \n\t \n\t>\n        \n\n<div class=\"wao-blocks-accordion\" id=\"accordion\" >\n        <div class=\"card border-bottom g--b-c-01 border-top-0 text-leftborder-right-0 border-left-0 mb-3 g--bkg-light-03\">\n        <div class=\"card-header border-0\" id=\"heading_69da230cc55900\">\n            <h5 class=\"mb-0 mt-0\">\n                <button class=\"btn btn-link  font-weight-bold text-left\" data-toggle=\"collapse\"\n                    data-target=\"#collapse_69da230cc55900\" aria-expanded=\"false\"\n                    aria-controls=\"collapse_69da230cc55900\" style=\"white-space: normal;\">\n                    > Check-in accettazione                <\/button>\n            <\/h5>\n        <\/div>\n        <div id=\"collapse_69da230cc55900\" class=\"collapse\" aria-labelledby=\"headingOne\" data-parent=\"#accordion\">\n            <div class=\"card-body \">\n                Puoi effettuare il check in online, la registrazione dei documenti di tutti i componenti del nucleo familiare, al momento della prenotazione per ridurre i tempi di permanenza alla reception.            <\/div>\n        <\/div>\n    <\/div>\n        <div class=\"card border-bottom g--b-c-01 border-top-0 text-leftborder-right-0 border-left-0 mb-3 g--bkg-light-03\">\n        <div class=\"card-header border-0\" id=\"heading_69da230cc55901\">\n            <h5 class=\"mb-0 mt-0\">\n                <button class=\"btn btn-link  font-weight-bold text-left\" data-toggle=\"collapse\"\n                    data-target=\"#collapse_69da230cc55901\" aria-expanded=\"false\"\n                    aria-controls=\"collapse_69da230cc55901\" style=\"white-space: normal;\">\n                    > Pulizie                <\/button>\n            <\/h5>\n        <\/div>\n        <div id=\"collapse_69da230cc55901\" class=\"collapse\" aria-labelledby=\"headingOne\" data-parent=\"#accordion\">\n            <div class=\"card-body \">\n                Le camere vengono pulite e igienizzate con cura, il personale indossa la mascherina, (presidio medico chirurgico). Gli spazi comuni vengono igienizzati pi\u00f9 volte al giorno.            <\/div>\n        <\/div>\n    <\/div>\n        <div class=\"card border-bottom g--b-c-01 border-top-0 text-leftborder-right-0 border-left-0 mb-3 g--bkg-light-03\">\n        <div class=\"card-header border-0\" id=\"heading_69da230cc55902\">\n            <h5 class=\"mb-0 mt-0\">\n                <button class=\"btn btn-link  font-weight-bold text-left\" data-toggle=\"collapse\"\n                    data-target=\"#collapse_69da230cc55902\" aria-expanded=\"false\"\n                    aria-controls=\"collapse_69da230cc55902\" style=\"white-space: normal;\">\n                    > Ristorante                <\/button>\n            <\/h5>\n        <\/div>\n        <div id=\"collapse_69da230cc55902\" class=\"collapse\" aria-labelledby=\"headingOne\" data-parent=\"#accordion\">\n            <div class=\"card-body \">\n                Al tuo arrivo, ti verr\u00e0 assegnato un tavolo fisso per tutta la durata della tua vacanza e sarai servito comodamente con un men\u00f9 a scelta tra tre primi e tre secondi tutti i giorni. Rispettiamo la distanza di sicurezza tra i tavoli Su richiesta, possiamo prepararti un gustoso pranzo al sacco da consumare direttamente sotto l\u2019ombrellone.            <\/div>\n        <\/div>\n    <\/div>\n        <div class=\"card border-bottom g--b-c-01 border-top-0 text-leftborder-right-0 border-left-0 mb-3 g--bkg-light-03\">\n        <div class=\"card-header border-0\" id=\"heading_69da230cc55903\">\n            <h5 class=\"mb-0 mt-0\">\n                <button class=\"btn btn-link  font-weight-bold text-left\" data-toggle=\"collapse\"\n                    data-target=\"#collapse_69da230cc55903\" aria-expanded=\"false\"\n                    aria-controls=\"collapse_69da230cc55903\" style=\"white-space: normal;\">\n                    > Spiaggia                <\/button>\n            <\/h5>\n        <\/div>\n        <div id=\"collapse_69da230cc55903\" class=\"collapse\" aria-labelledby=\"headingOne\" data-parent=\"#accordion\">\n            <div class=\"card-body \">\n                Nella nostra spiaggia convenzionata avrai ancora pi\u00f9 spazio e privacy perch\u00e8 ogni ombrellone sar\u00e0 adeguatamente distanziato l\u2019uno dall\u2019altro. E potrai rilassarti al sole senza pensieri visto che ombrellone, lettini e sdraio saranno disinfettati dopo ogni cambio ospite. Avrai il tuo ombrellone fisso per tutta la durata del tuo soggiorno.<br><br>            <\/div>\n        <\/div>\n    <\/div>\n        <div class=\"card border-bottom g--b-c-01 border-top-0 text-leftborder-right-0 border-left-0 mb-3 g--bkg-light-03\">\n        <div class=\"card-header border-0\" id=\"heading_69da230cc55904\">\n            <h5 class=\"mb-0 mt-0\">\n                <button class=\"btn btn-link  font-weight-bold text-left\" data-toggle=\"collapse\"\n                    data-target=\"#collapse_69da230cc55904\" aria-expanded=\"false\"\n                    aria-controls=\"collapse_69da230cc55904\" style=\"white-space: normal;\">\n                    > Piscina                <\/button>\n            <\/h5>\n        <\/div>\n        <div id=\"collapse_69da230cc55904\" class=\"collapse\" aria-labelledby=\"headingOne\" data-parent=\"#accordion\">\n            <div class=\"card-body \">\n                Ci teniamo per\u00f2 che le distanze di sicurezza vengano rispettate, quindi in caso di eccessiva affluenza potremmo controllare le entrate decidendo un numero massimo di capienza. Le superfici come ombrelloni, sdraio o lettini verranno disinfettate a ogni cambio ospite e comunque la sera dopo la chiusura.            <\/div>\n        <\/div>\n    <\/div>\n        <div class=\"card border-bottom g--b-c-01 border-top-0 text-leftborder-right-0 border-left-0 mb-3 g--bkg-light-03\">\n        <div class=\"card-header border-0\" id=\"heading_69da230cc55905\">\n            <h5 class=\"mb-0 mt-0\">\n                <button class=\"btn btn-link  font-weight-bold text-left\" data-toggle=\"collapse\"\n                    data-target=\"#collapse_69da230cc55905\" aria-expanded=\"false\"\n                    aria-controls=\"collapse_69da230cc55905\" style=\"white-space: normal;\">\n                    > Animazione                <\/button>\n            <\/h5>\n        <\/div>\n        <div id=\"collapse_69da230cc55905\" class=\"collapse\" aria-labelledby=\"headingOne\" data-parent=\"#accordion\">\n            <div class=\"card-body \">\n                Il servizio di animazione si svolge prevalentemente al mare, privilegiamo le attivit\u00e0 all\u2019aperto e che rispettino sicurezza e distanziamento.            <\/div>\n        <\/div>\n    <\/div>\n    <\/div>\n    <\/div>\n<\/div>\n<\/section>\n\n<section class=\"wao-blocks-container container-fluid mb-0\"\n\t\t>\n    \n<div class=\"wao-blocks-row row\" >\n    \n\n<div class=\"col-12 col-md-12\"\n     \n\t \n\t>\n        \n<div class=\"px-4 pt-4\">\n\n\n<div class=\"wao-blocks-immagine-src text-center mx-auto max-w-160px\" \n    >\n                    <img decoding=\"async\" src=\"https:\/\/www.crocedimaltahotel.com\/wp-content\/uploads\/2022\/08\/tracciato-2.png\"  class=\"img-fluid\"  alt=\"decorazione Hotel Croce di Malta & Mexico - Cesenatico\">\n    <\/div>\n\n\n<h2 class=\"wp-block-heading has-text-align-center\">Offerte<\/h2>\n\n\n\n<p class=\"has-text-align-center mb-1\">Le nostre migliori offerte<\/p>\n\n\n<\/div>\n    <\/div>\n<\/div>\n<\/section>\n\n<section class=\"wao-blocks-container container-fluid mb-2\"\n\t\t>\n    \n<div class=\"wao-blocks-row row\" >\n    \n\n<div class=\"col-12 col-md-12 px-5\"\n     \n\t \n\t>\n        \n<div class=\"g--bkg-light-01 text-center\">\n<picture class=\"p-0 m-0\"><img decoding=\"async\" src=\"http:\/\/www.crocedimaltahotel.com\/wp-content\/uploads\/2022\/08\/img-lunetta.png.webp\" class=\"img-fluid mx-auto\" alt=\"decoro - Hotel Croce di Malta e Mexico\"\/><\/picture>\n<div class=\"mx-auto px-5 pt-5\" style=\"max-width:1280px;\" >\n\n\n\t \n\n\t\t<article class=\"row\">\n\t\t\t<div class=\"col-12\">\n\t\t\t\t<div class=\"text-center alert alert-warning \">\n\t\t\t\t\t<h4>D\u00e9sol\u00e9, il n'ya pas d'offres disponibles.<\/h4>\n\t\t\t\t\t<p>Consultez la page <a href=\"https:\/\/www.crocedimaltahotel.com\/fr\/listino\/\" title=\"Vai alla pagina\"> <b>listino prezzi<\/b> <\/a><\/p>\n\t\t\t\t\t\t\t\t\t<\/div>\n\t\t\t<\/div>\n\t\t<\/article>\n\t\n\n<\/div>\n<picture class=\"p-0 m-0\"><img decoding=\"async\" src=\"http:\/\/www.crocedimaltahotel.com\/wp-content\/uploads\/2022\/08\/img-lunetta-down.png\" class=\"img-fluid mx-auto\" alt=\"decoro - Hotel Croce di Malta e Mexico\"\/><\/picture><\/div>\n    <\/div>\n<\/div>\n<\/section>\n\n<section class=\"wao-blocks-container container-fluid mb-2\"\n\t\t>\n    \n<div class=\"wao-blocks-row row\" >\n    \n\n<div class=\"col-12 col-md-12 p-0\"\n     \n\t \n\t>\n        \n<article class=\"js--fixed-limit\"><\/article>\n<div class=\"px-4 py-2\">\n\n\n<div class=\"wao-blocks-immagine-src mx-auto text-center max-w-160px\" \n    >\n                    <img decoding=\"async\" src=\"http:\/\/www.crocedimaltahotel.com\/wp-content\/uploads\/2022\/08\/tracciato-2.png\"  class=\"img-fluid\"  alt=\"tracciato-2\">\n    <\/div>\n\n\n<h2 class=\"wp-block-heading has-text-align-center\">Contattaci<\/h2>\n\n\n\n<p class=\"has-text-align-center mb-1\">Richiedi un preventivo gratuito.<\/p>\n\n\n\n<p class=\"has-text-align-center\"><strong>Hai esigenze particolari, intolleranze o allergie? Indicacelo nel campo apposito del modulo.<\/strong><\/p>\n\n\n<\/div>\n    <\/div>\n<\/div>\n<\/section>\n\n<section class=\"wao-blocks-container container-fluid mb-0 g--bkg-dark-01\"\n\t\t>\n    \n<div class=\"wao-blocks-row row\" >\n    \n\n<div class=\"col-12 col-md-12 p-0 text-center d-flex align-items-start justify-content-center\"\n     \n\t \n\t>\n        \n\n<div class=\"wao-blocks-immagine-src mx-auto text-center\" \n    >\n                    <img decoding=\"async\" src=\"http:\/\/www.crocedimaltahotel.com\/wp-content\/uploads\/2022\/08\/img-lunetta.png\"  class=\"img-fluid\"  alt=\"img-lunetta\">\n    <\/div>\n    <\/div>\n<\/div>\n<\/section>\n\n<div class=\"p-5 g--bkg-dark-01\">\n<div class=\"mx-auto max-width-large\" >\n\n<section class=\"wao-blocks-container container-fluid mb-2\"\n\t\t>\n    \n<div class=\"wao-blocks-row row\" >\n    \n\n<div class=\"col-12 col-md-8 g--bkg-light-04 p-0\"\n     \n\t \n\t>\n        \n<div class=\"d-sm-none d-flex flex-column w-100\">\n\n<div class=\"d-flex flex-column flex-lg-row\" style=\"background-color: #d6cec0\">\n<div class=\"order-2 order-lg-1 col-12 col-lg-7 p-4 max-h-240px\">\n\n\n<p class=\"m-0\"><strong>Vieni in hotel in compagnia del tuo amico peloso?<\/strong><\/p>\n\n\n\n<p class=\"display-5\">Scrivici nelle note razza e peso per un preventivo personalizzato!<\/p>\n\n\n<\/div>\n<div class=\"order-1 order-lg-2 col-12 col-lg-5 p-0 max-h-240px\">\n<picture class=\"d-flex justify-content-end\"><img decoding=\"async\" src=\"https:\/\/www.crocedimaltahotel.com\/wp-content\/uploads\/2024\/03\/hotel-mexico-icona-cane-merida.png\" class=\"img-fluid\"><\/picture>\n<\/div>\n<\/div>\n<\/div>\n\n<div class=\"p-4\">\n\n\n<div class=\"merida_root\" id=\"merida_block\"><\/div>\n\n<script>\nvar merida_config_merida_block = {\n    customerId: 546 ,\n    showSuccessModal : true,\n    rootEl: \"merida_block\",\n    childrenAgeMax: 16,\n    childrenAgeMin: 0,\n    layout: \"default\",\n    language: \"fr\",\n        phoneRequired: true,\n            theme : {\n        colors: {\n            primary: '#c4b39c',\n            primaryTextAlt: '#ffffff',\n            secondary: '#333333',\n            secondaryTextAlt: '#ffffff',\n            text: '#333333',\n            error: '#cc0033',\n            formBackground: '#ffffff',\n            label: '#4d4d4d',\n            labelInput: '#333333',\n            labelInputActive: '#7ebd6d',\n            inputBackground: '#eeeeee',\n            inputBorder: '#eeeeee',\n            checkboxBorder: '#eeeeee',\n        }\n    },\n    onSuccess : function(res) {\n        \n        dataLayer.push({'event':'editaRichieste Preventivo',\n'eventCategory' : 'Richieste Preventivo',\n'eventAction' : 'Submit',\n'eventLabel' : '{{url pagina}}',\n'eventValue' : '10',\n'eventNhi' : 'FALSE',\n'eventFacebook': 'Richieste Preventivo Submit',\n'eventFbStandard': 'Lead'\n})    }\n};\n\n(function(url, cb) {\n    var s = document.createElement(\"script\");\n    s.type = \"text\/javascript\";\n\n    if (s.readyState) { \/\/IE\n        s.onreadystatechange = function() {\n            if (s.readyState == \"loaded\" || s.readyState == \"complete\") {\n                s.onreadystatechange = null;\n                cb();\n            }\n        };\n    } else { \/\/Others\n        s.onload = function() {\n            cb();\n        };\n    }\n\n    s.src = url;\n    document.getElementsByTagName(\"head\")[0].appendChild(s);\n})(\"https:\/\/static.adriasonline.it\/merida\/latest\/merida.js\", function() {\n    window.aoForm = merida(merida_config_merida_block);\n});\n<\/script>\n\n<\/div>\n    <\/div>\n\n\n<div class=\"col-12 col-md-4 p-0 g--bkg-light-01 d-flex  justify-content-center\"\n     \n\t \n\t>\n        \n<div class=\"w-100\">\n\n<div class=\"px-4 py-5\">\n\n\n<h2 class=\"wp-block-heading mb-5\">Perch\u00e8 sceglierci<\/h2>\n\n\n<div class=\"d-flex align-items-start justify-content-start py-3\">\n<div class=\"pr-2 display-3 text-primary\"><i class=\"fas fa-check\"><\/i><\/div>\n<div>\n\n\n<h4 class=\"wp-block-heading\">Posizione sul mare <\/h4>\n\n\n<\/div>\n<\/div>\n<div class=\"d-flex align-items-start justify-content-start py-3\">\n<div class=\"pr-2 display-3 text-primary\"><i class=\"fas fa-check\"><\/i><\/div>\n<div>\n\n\n<h4 class=\"wp-block-heading\">Ambienti tranquilli, curati e moderni <\/h4>\n\n\n<\/div>\n<\/div>\n<div class=\"d-flex align-items-start justify-content-start py-3\">\n<div class=\"pr-2 display-3 text-primary\"><i class=\"fas fa-check\"><\/i><\/div>\n<div>\n\n\n<h4 class=\"wp-block-heading\">Moderna piscina con solarium <\/h4>\n\n\n<\/div>\n<\/div>\n<div class=\"d-flex align-items-start justify-content-start py-3\">\n<div class=\"pr-2 display-3 text-primary\"><i class=\"fas fa-check\"><\/i><\/div>\n<div>\n\n\n<h4 class=\"wp-block-heading\">Ampio parcheggio privato <\/h4>\n\n\n<\/div>\n<\/div>\n<div class=\"d-flex align-items-start justify-content-start py-3\">\n<div class=\"pr-2 display-3 text-primary\"><i class=\"fas fa-check\"><\/i><\/div>\n<div>\n\n\n<h4 class=\"wp-block-heading\">Formula All Inclusive<\/h4>\n\n\n<\/div>\n<\/div>\n<\/div>\n<\/div>\n    <\/div>\n<\/div>\n<\/section>\n\n<\/div><\/div>\n\n<section class=\"wao-blocks-container container-fluid mb-2 d-none d-md-block\"\n\t\t>\n    \n<div class=\"wao-blocks-row row\" >\n    \n\n<div class=\"col-12 col-md-12 p-0\"\n     \n\t \n\t>\n        \n\n<div class=\"wao-blocks-immagine-src\" \n    >\n                    <img decoding=\"async\" src=\"http:\/\/www.crocedimaltahotel.com\/wp-content\/uploads\/2022\/08\/fronzolo-down-1.png\"  class=\"img-fluid\"  alt=\"fronzolo-down\">\n    <\/div>\n    <\/div>\n<\/div>\n<\/section>\n\n<section class=\"wao-blocks-container container-fluid mb-0\"\n\t\t>\n    \n<div class=\"wao-blocks-row row\" >\n    \n\n<div class=\"col-12 col-md-12 p-0\"\n     \n\t \n\t>\n        \n<div class=\"mx-auto px-5 py-4\">\n\n\n<h2 class=\"has-text-align-center wp-block-heading\">Dove siamo<\/h2>\n\n\n\n<p class=\"has-text-align-center\">L\u2019Hotel Croce di Malta &amp; Mexico si trova in una posizione eccellente.<\/p>\n\n\n\n<div class=\"wao-blocks-button text-center\" >\n\t<a href=\"http:\/\/www.crocedimaltahotel.com\/dove-siamo\/\" \n\t\tclass=\"btn btn-primary px-4 rounded-0 font-weight-bold \"\n        title=\"Come raggiungere Hotel Croce di Malta & Mexico Cesenatico\" \n\t\t\t\ttitle=\"Scopri\" \n\t>\t\n\t\t\t\tScopri\t\t\t<\/a>\n<\/div>\n\n<\/div>\n    <\/div>\n<\/div>\n<\/section>\n\n<section class=\"wao-blocks-container container-fluid mb-0\"\n\tstyle=\" min-height: 300\"\t>\n    \n<div class=\"wao-blocks-row row\" >\n    \n\n<div class=\"col-12 col-md-12 p-0\"\n     \n\t \n\t>\n        \n<div class=\"m-0\" style=\"max-height:400px;\"><iframe class=\"js--lazy-load m-0\" title=\"Google Map come raggiungere Hotel Croce di Malta & Mexico Cesenatico\" data-src=\"https:\/\/www.google.com\/maps\/embed?pb=!1m14!1m8!1m3!1d22893.01635918382!2d12.422015905141171!3d44.17354600000001!3m2!1i1024!2i768!4f13.1!3m3!1m2!1s0x132cb7fef81ea0e3%3A0x8d6a087c5d78b297!2sViale%20G.%20Carducci%2C%20352%2C%2047042%20Villamarina%20FC!5e0!3m2!1sit!2sit!4v1659621758789!5m2!1sit!2sit\" width=\"100%\" height=\"400\" style=\"border:0;\" allowfullscreen=\"\" loading=\"lazy\" referrerpolicy=\"no-referrer-when-downgrade\"><\/iframe><\/div>\n    <\/div>\n<\/div>\n<\/section>\n\n<section class=\"wao-blocks-container container-fluid mb-2 g--bkg-dark-01\"\n\t\t>\n    \n<div class=\"wao-blocks-row row\" >\n    \n\n<div class=\"col-12 col-md-12\"\n     \n\t \n\t>\n        \n<div class=\"text-center p-5 mx-auto\" >\n\n\n<h2 class=\"wp-block-heading\">Iscriviti alla nostra Newsletter<\/h2>\n\n\n\n<p class=\"my-4\">Resta aggiornato con offerte per l\u2019estate, novit\u00e0 e tanto altro!<\/p>\n\n\n<div class=\"mx-auto\"  style=\"max-width:800px;\">\n<script>\nlet linguaEXT =window.location.pathname.slice(0,4);\/\/navigator.language;\nlet lingua='it';\nif(linguaEXT=='\/en\/' || linguaEXT=='\/de\/' || linguaEXT=='\/fr\/'){\n  lingua=linguaEXT.slice(1,3);  \n}\nconsole.log(lingua);\nif(lingua=='en'){\n  document.write('<div  class=\"app-embedded-form-public\" data-base-url=\"https:\/\/platform.rdcom.com\" data-embedded-form-id=\"47f45cc4-2a97-4445-85a6-b6442e537981\" data-embedded-form-id=\"47f45cc4-2a97-4445-85a6-b6442e537981\" data-list-code=\"d1e4b563-a124-4d21-98f1-557af1135b9c\" >');\n}else if(lingua=='de'){\n  document.write('<div class=\"app-embedded-form-public\" data-base-url=\"https:\/\/platform.rdcom.com\" data-embedded-form-id=\"d3333c1f-df57-40ec-87d7-4ef13584b858\" data-embedded-form-id=\"d3333c1f-df57-40ec-87d7-4ef13584b858\" data-list-code=\"53444aa2-9e90-4758-bd8f-06ff9e948a16\" >');\n}else if(lingua=='fr'){\n  document.write('<div class=\"app-embedded-form-public\" data-base-url=\"https:\/\/platform.rdcom.com\" data-embedded-form-id=\"60b1de79-a289-4f93-b7ac-951fbfe770b0\" data-embedded-form-id=\"60b1de79-a289-4f93-b7ac-951fbfe770b0\" data-list-code=\"01abd67b-a283-4820-ab13-763fa44d41bf\" >');\n}else{\n  document.write('<div class=\"app-embedded-form-public\" data-base-url=\"https:\/\/platform.rdcom.com\" data-embedded-form-id=\"8116e02b-4cfb-4405-b2bd-049bc389ef67\" data-embedded-form-id=\"8116e02b-4cfb-4405-b2bd-049bc389ef67\" data-list-code=\"b965bfe0-39dd-4d90-94bd-3bda000b578c\" >');\n}\n<\/script>\n  <script src=\"https:\/\/platform.rdcom.com\/static\/frontend-apps-dist\/embedded-form\/public.js\"><\/script>\n<\/div>\n\n\n\n<\/div><\/div>\n    <\/div>\n<\/div>\n<\/section>","protected":false},"excerpt":{"rendered":"","protected":false},"author":1,"featured_media":0,"parent":0,"menu_order":0,"comment_status":"closed","ping_status":"closed","template":"","meta":{"footnotes":""},"class_list":["post-1113","page","type-page","status-publish","hentry"],"_links":{"self":[{"href":"https:\/\/www.crocedimaltahotel.com\/fr\/wp-json\/wp\/v2\/pages\/1113","targetHints":{"allow":["GET"]}}],"collection":[{"href":"https:\/\/www.crocedimaltahotel.com\/fr\/wp-json\/wp\/v2\/pages"}],"about":[{"href":"https:\/\/www.crocedimaltahotel.com\/fr\/wp-json\/wp\/v2\/types\/page"}],"author":[{"embeddable":true,"href":"https:\/\/www.crocedimaltahotel.com\/fr\/wp-json\/wp\/v2\/users\/1"}],"replies":[{"embeddable":true,"href":"https:\/\/www.crocedimaltahotel.com\/fr\/wp-json\/wp\/v2\/comments?post=1113"}],"version-history":[{"count":8,"href":"https:\/\/www.crocedimaltahotel.com\/fr\/wp-json\/wp\/v2\/pages\/1113\/revisions"}],"predecessor-version":[{"id":1464,"href":"https:\/\/www.crocedimaltahotel.com\/fr\/wp-json\/wp\/v2\/pages\/1113\/revisions\/1464"}],"wp:attachment":[{"href":"https:\/\/www.crocedimaltahotel.com\/fr\/wp-json\/wp\/v2\/media?parent=1113"}],"curies":[{"name":"wp","href":"https:\/\/api.w.org\/{rel}","templated":true}]}}