{"id":13,"date":"2022-07-07T13:05:39","date_gmt":"2022-07-07T11:05:39","guid":{"rendered":"http:\/\/www.crocedimaltahotel.com\/?page_id=13"},"modified":"2023-01-20T15:30:01","modified_gmt":"2023-01-20T14:30:01","slug":"offerte","status":"publish","type":"page","link":"https:\/\/www.crocedimaltahotel.com\/fr\/offerte\/","title":{"rendered":"Offres"},"content":{"rendered":"<section class=\"wao-blocks-container container-fluid mb-2 g--bkg-light-01\"\n\t\t>\n    \n<div class=\"wao-blocks-row row\" >\n    \n\n<div class=\"col-12 col-md-12 text-center\"\n     \n\t \n\t>\n        \n<div class=\"p-5\"><div class=\"mx-auto \" style=\"max-width:800px;\">\n\n\n<div class=\"breadcrumb-block\"\n    >\n    <div class=\"text-secondary mx-auto text-center small\">\n        <a href=\"https:\/\/www.crocedimaltahotel.com\/fr\" rel=\"nofollow\" title=\"Home\">Home &gt;<\/a>\n        Offerte    <\/div>\n<\/div>\n\n\n<h1 class=\"wp-block-heading\">Offerte<\/h1>\n\n\n\n<p>Imperdibili pacchetti All Inclusive e settimane speciali per le tue vacanze al mare con tutta la famiglia. Scopri le promozioni e contattaci per richiedere un preventivo personalizzato fatto su misura per te!<\/p>\n\n\n<\/div>\n\n\n\t\n\t\t<div class=\"wao-blocks-offerte-slider-v1\">\n\n\t\t\t\t\t<!-- controllo Slide  -->\n\t\t\t\t\t<div class=\"row js--filter-grid \">\n\t\t\t\t\t\t<!-- ciclo di ogni offerta -->\n\t\t\t\t\t\t\t\n\t\t\t\t\t\t\t\t<div class=\"col-md-6 col-lg-4 js--giugno\">\n\t\t\t\n\t\t\t\t\t\t\t\n<div class=\"g--bkg-light-04 m-2 \">\n\t<div class=\"text-center\">\n\t  <!-- contenitore immagine -->\n\t  \t<div class=\"barret-117609 d-flex align-items-end justify-content-center position-relative\" style=\"background-size: cover; height: 255px; overflow:hidden;\">\n\t\t <!-- inizio timer -->\n\t\t <div class=\"hidden-xl-down g--bkg-light-04 position-absolute l--top l--right p-2 text-primary timer l--b-a-1 border g--b-c-01\" style=\"z-index:800!important;\" id=\"timer_117609\">\n\t\t   <div class=\"text-center text-tertiary font-weight-bold text-uppercase\">L'offerta scade fra<\/div>\n\t\t   <div class=\"text-info\" style=\"display:flex\">\n\t\t\t <div class=\"p-2 g--bkg-light-01 m-1\">\n\t\t\t  <span class=\"days\"><\/span> <span class=\"text-small\">gg<\/span>\n\t\t\t <\/div>\n\t\t\t <div class=\"p-2 g--bkg-light-01 m-1\">\n\t\t\t  <span class=\"hours\"><\/span> <span class=\"text-small\">hh<\/span>\n\t\t\t <\/div>\n\t\t\t <div class=\"p-2 g--bkg-light-01 m-1\">\n\t\t\t  <span class=\"minutes\"><\/span> <span class=\"text-small\">mm<\/span>\n\t\t\t <\/div>\n\t\t\t <div class=\"p-2 g--bkg-light-01 m-1\">\n\t\t\t  <span class=\"seconds\"><\/span> <span class=\"text-small\">ss<\/span>\n\t\t\t <\/div>\n\t\t   <\/div>\n\t\t <\/div>\n\t\t <script type=\"text\/javascript\">setTimeout(function(){ CountDownOfferte('27\/06\/2026', 'timer_117609'); }, 5000); BkgImgOfferta('https:\/\/static.adriasonline.it\/barret\/make\/offerte\/546\/dettaglio\/img_116980.jpg?w=450&h=300&q=80&fit=cover', '117609', 'cover');<\/script>\n\t\t <!-- fine timer -->\n\t\t <div class=\"g--bkg-light-01 p-3\">\n\t\t\t<div class=\"font-weight-bold\">dal 20.06.2026 al 27.06.2026<\/div>\n\t\t<\/div>\n\t  <\/div>\n\t  <!-- fine contenitore immagine -->\n\t  <div class=\"p-4 text-center\" style=\"min-height:280px;\">\n\t  <!-- titolo + sottotitolo -->\n\t  <a href=\"https:\/\/www.crocedimaltahotel.com\/fr\/offerte\/vacanze-fine-giugno-settimana-promozionale-116980.php\" class=\"h6\">Offre de Juin \u00e0 Cesenatico<\/a>\n\t   <!-- contenitore prezzo -->\n\t   <div class=\"py-3\">\n\t\t<div>Prezzi personalizzati  per 7 giorni\n<\/div>\n\t   <\/div>\n\t\t<!-- fine contenitore prezzo -->\n\t\t<a class=\"btn btn-primary px-4 py-2 rounded-0\" href=\"https:\/\/www.crocedimaltahotel.com\/fr\/offerte\/vacanze-fine-giugno-settimana-promozionale-116980.php\" title=\"Offre de Juin \u00e0 Cesenatico\" tabindex=\"-1\">Scopri<\/a>\n\t  <\/div>\n\t  \n\t\t<!-- fine titolo + sottotitolo -->\n\t\t\n\t<\/div>\n<\/div>\n\t\t\t\t\t\t\t\t<\/div> \n\t\t\t\t\t\t\t\t\t\t\n\t\t\t\t\t\t\t\t<div class=\"col-md-6 col-lg-4 js--agosto\">\n\t\t\t\n\t\t\t\t\t\t\t\n<div class=\"g--bkg-light-04 m-2 \">\n\t<div class=\"text-center\">\n\t  <!-- contenitore immagine -->\n\t  \t<div class=\"barret-140212 d-flex align-items-end justify-content-center position-relative\" style=\"background-size: cover; height: 255px; overflow:hidden;\">\n\t\t <!-- inizio timer -->\n\t\t <div class=\"hidden-xl-down g--bkg-light-04 position-absolute l--top l--right p-2 text-primary timer l--b-a-1 border g--b-c-01\" style=\"z-index:800!important;\" id=\"timer_140212\">\n\t\t   <div class=\"text-center text-tertiary font-weight-bold text-uppercase\">L'offerta scade fra<\/div>\n\t\t   <div class=\"text-info\" style=\"display:flex\">\n\t\t\t <div class=\"p-2 g--bkg-light-01 m-1\">\n\t\t\t  <span class=\"days\"><\/span> <span class=\"text-small\">gg<\/span>\n\t\t\t <\/div>\n\t\t\t <div class=\"p-2 g--bkg-light-01 m-1\">\n\t\t\t  <span class=\"hours\"><\/span> <span class=\"text-small\">hh<\/span>\n\t\t\t <\/div>\n\t\t\t <div class=\"p-2 g--bkg-light-01 m-1\">\n\t\t\t  <span class=\"minutes\"><\/span> <span class=\"text-small\">mm<\/span>\n\t\t\t <\/div>\n\t\t\t <div class=\"p-2 g--bkg-light-01 m-1\">\n\t\t\t  <span class=\"seconds\"><\/span> <span class=\"text-small\">ss<\/span>\n\t\t\t <\/div>\n\t\t   <\/div>\n\t\t <\/div>\n\t\t <script type=\"text\/javascript\">setTimeout(function(){ CountDownOfferte('09\/08\/2026', 'timer_140212'); }, 5000); BkgImgOfferta('https:\/\/static.adriasonline.it\/barret\/make\/offerte\/546\/dettaglio\/img_140209.jpg?w=450&h=300&q=80&fit=cover', '140212', 'cover');<\/script>\n\t\t <!-- fine timer -->\n\t\t <div class=\"g--bkg-light-01 p-3\">\n\t\t\t<div class=\"font-weight-bold\">dal 25.07.2026 al 09.08.2026<\/div>\n\t\t<\/div>\n\t  <\/div>\n\t  <!-- fine contenitore immagine -->\n\t  <div class=\"p-4 text-center\" style=\"min-height:280px;\">\n\t  <!-- titolo + sottotitolo -->\n\t  <a href=\"https:\/\/www.crocedimaltahotel.com\/fr\/offerte\/agosto-a-cesenatico-in-all-inclusive-140209.php\" class=\"h6\">Offre D\u00e9but Ao\u00fbt \u00e0 Cesenatico<\/a>\n\t   <!-- contenitore prezzo -->\n\t   <div class=\"py-3\">\n\t\t<div>Prezzi personalizzati  per 7 giorni\n<\/div>\n\t   <\/div>\n\t\t<!-- fine contenitore prezzo -->\n\t\t<a class=\"btn btn-primary px-4 py-2 rounded-0\" href=\"https:\/\/www.crocedimaltahotel.com\/fr\/offerte\/agosto-a-cesenatico-in-all-inclusive-140209.php\" title=\"Offre D\u00e9but Ao\u00fbt \u00e0 Cesenatico\" tabindex=\"-1\">Scopri<\/a>\n\t  <\/div>\n\t  \n\t\t<!-- fine titolo + sottotitolo -->\n\t\t\n\t<\/div>\n<\/div>\n\t\t\t\t\t\t\t\t<\/div> \n\t\t\t\t\t\t\t\t\t\t\n\t\t\t\t\t\t\t\t<div class=\"col-md-6 col-lg-4 js--settembre\">\n\t\t\t\n\t\t\t\t\t\t\t\n<div class=\"g--bkg-light-04 m-2 \">\n\t<div class=\"text-center\">\n\t  <!-- contenitore immagine -->\n\t  \t<div class=\"barret-146742 d-flex align-items-end justify-content-center position-relative\" style=\"background-size: cover; height: 255px; overflow:hidden;\">\n\t\t <!-- inizio timer -->\n\t\t <div class=\"hidden-xl-down g--bkg-light-04 position-absolute l--top l--right p-2 text-primary timer l--b-a-1 border g--b-c-01\" style=\"z-index:800!important;\" id=\"timer_146742\">\n\t\t   <div class=\"text-center text-tertiary font-weight-bold text-uppercase\">L'offerta scade fra<\/div>\n\t\t   <div class=\"text-info\" style=\"display:flex\">\n\t\t\t <div class=\"p-2 g--bkg-light-01 m-1\">\n\t\t\t  <span class=\"days\"><\/span> <span class=\"text-small\">gg<\/span>\n\t\t\t <\/div>\n\t\t\t <div class=\"p-2 g--bkg-light-01 m-1\">\n\t\t\t  <span class=\"hours\"><\/span> <span class=\"text-small\">hh<\/span>\n\t\t\t <\/div>\n\t\t\t <div class=\"p-2 g--bkg-light-01 m-1\">\n\t\t\t  <span class=\"minutes\"><\/span> <span class=\"text-small\">mm<\/span>\n\t\t\t <\/div>\n\t\t\t <div class=\"p-2 g--bkg-light-01 m-1\">\n\t\t\t  <span class=\"seconds\"><\/span> <span class=\"text-small\">ss<\/span>\n\t\t\t <\/div>\n\t\t   <\/div>\n\t\t <\/div>\n\t\t <script type=\"text\/javascript\">setTimeout(function(){ CountDownOfferte('13\/09\/2026', 'timer_146742'); }, 5000); BkgImgOfferta('https:\/\/static.adriasonline.it\/barret\/make\/offerte\/546\/dettaglio\/img_146739.jpg?w=450&h=300&q=80&fit=cover', '146742', 'cover');<\/script>\n\t\t <!-- fine timer -->\n\t\t <div class=\"g--bkg-light-01 p-3\">\n\t\t\t<div class=\"font-weight-bold\">dal 05.09.2026 al 13.09.2026<\/div>\n\t\t<\/div>\n\t  <\/div>\n\t  <!-- fine contenitore immagine -->\n\t  <div class=\"p-4 text-center\" style=\"min-height:280px;\">\n\t  <!-- titolo + sottotitolo -->\n\t  <a href=\"https:\/\/www.crocedimaltahotel.com\/fr\/offerte\/offerta-settembre-cesenatico-all-inclusive-146739.php\" class=\"h6\">Offre de Septembre \u00e0 Cesenatico<\/a>\n\t   <!-- contenitore prezzo -->\n\t   <div class=\"py-3\">\n\t\t<div>Prezzi personalizzati  per 7 giorni\n<\/div>\n\t   <\/div>\n\t\t<!-- fine contenitore prezzo -->\n\t\t<a class=\"btn btn-primary px-4 py-2 rounded-0\" href=\"https:\/\/www.crocedimaltahotel.com\/fr\/offerte\/offerta-settembre-cesenatico-all-inclusive-146739.php\" title=\"Offre de Septembre \u00e0 Cesenatico\" tabindex=\"-1\">Scopri<\/a>\n\t  <\/div>\n\t  \n\t\t<!-- fine titolo + sottotitolo -->\n\t\t\n\t<\/div>\n<\/div>\n\t\t\t\t\t\t\t\t<\/div> \n\t\t\t\t\t\t\t    \n\t\t\t\t\t\t\t\n\t\t\t<\/div>\n\t\t<\/div>\n\t\n\n<\/div>\n    <\/div>\n<\/div>\n<\/section>\n\n<section class=\"wao-blocks-container container-fluid mb-2\"\n\t\t>\n    \n<div class=\"wao-blocks-row row\" >\n    \n\n<div class=\"col-12 col-md-12 p-0\"\n     \n\t \n\t>\n        \n<article class=\"js--fixed-limit\"><\/article>\n<div class=\"px-4 py-2\">\n\n\n<div class=\"wao-blocks-immagine-src mx-auto text-center max-w-160px\" \n    >\n                    <img decoding=\"async\" src=\"http:\/\/www.crocedimaltahotel.com\/wp-content\/uploads\/2022\/08\/tracciato-2.png\"  class=\"img-fluid\"  alt=\"tracciato-2\">\n    <\/div>\n\n\n<h2 class=\"wp-block-heading has-text-align-center\">Contattaci<\/h2>\n\n\n\n<p class=\"has-text-align-center mb-1\">Richiedi un preventivo gratuito.<\/p>\n\n\n\n<p class=\"has-text-align-center\"><strong>Hai esigenze particolari, intolleranze o allergie? Indicacelo nel campo apposito del modulo.<\/strong><\/p>\n\n\n<\/div>\n    <\/div>\n<\/div>\n<\/section>\n\n<section class=\"wao-blocks-container container-fluid mb-0 g--bkg-dark-01\"\n\t\t>\n    \n<div class=\"wao-blocks-row row\" >\n    \n\n<div class=\"col-12 col-md-12 p-0 text-center d-flex align-items-start justify-content-center\"\n     \n\t \n\t>\n        \n\n<div class=\"wao-blocks-immagine-src mx-auto text-center\" \n    >\n                    <img decoding=\"async\" src=\"http:\/\/www.crocedimaltahotel.com\/wp-content\/uploads\/2022\/08\/img-lunetta.png\"  class=\"img-fluid\"  alt=\"img-lunetta\">\n    <\/div>\n    <\/div>\n<\/div>\n<\/section>\n\n<div class=\"p-5 g--bkg-dark-01\">\n<div class=\"mx-auto max-width-large\" >\n\n<section class=\"wao-blocks-container container-fluid mb-2\"\n\t\t>\n    \n<div class=\"wao-blocks-row row\" >\n    \n\n<div class=\"col-12 col-md-8 g--bkg-light-04 p-0\"\n     \n\t \n\t>\n        \n<div class=\"d-sm-none d-flex flex-column w-100\">\n\n<div class=\"d-flex flex-column flex-lg-row\" style=\"background-color: #d6cec0\">\n<div class=\"order-2 order-lg-1 col-12 col-lg-7 p-4 max-h-240px\">\n\n\n<p class=\"m-0\"><strong>Vieni in hotel in compagnia del tuo amico peloso?<\/strong><\/p>\n\n\n\n<p class=\"display-5\">Scrivici nelle note razza e peso per un preventivo personalizzato!<\/p>\n\n\n<\/div>\n<div class=\"order-1 order-lg-2 col-12 col-lg-5 p-0 max-h-240px\">\n<picture class=\"d-flex justify-content-end\"><img decoding=\"async\" src=\"https:\/\/www.crocedimaltahotel.com\/wp-content\/uploads\/2024\/03\/hotel-mexico-icona-cane-merida.png\" class=\"img-fluid\"><\/picture>\n<\/div>\n<\/div>\n<\/div>\n\n<div class=\"p-4\">\n\n\n<div class=\"merida_root\" id=\"merida_block\"><\/div>\n\n<script>\nvar merida_config_merida_block = {\n    customerId: 546 ,\n    showSuccessModal : true,\n    rootEl: \"merida_block\",\n    childrenAgeMax: 16,\n    childrenAgeMin: 0,\n    layout: \"default\",\n    language: \"fr\",\n        phoneRequired: true,\n            theme : {\n        colors: {\n            primary: '#c4b39c',\n            primaryTextAlt: '#ffffff',\n            secondary: '#333333',\n            secondaryTextAlt: '#ffffff',\n            text: '#333333',\n            error: '#cc0033',\n            formBackground: '#ffffff',\n            label: '#4d4d4d',\n            labelInput: '#333333',\n            labelInputActive: '#7ebd6d',\n            inputBackground: '#eeeeee',\n            inputBorder: '#eeeeee',\n            checkboxBorder: '#eeeeee',\n        }\n    },\n    onSuccess : function(res) {\n        \n        dataLayer.push({'event':'editaRichieste Preventivo',\n'eventCategory' : 'Richieste Preventivo',\n'eventAction' : 'Submit',\n'eventLabel' : '{{url pagina}}',\n'eventValue' : '10',\n'eventNhi' : 'FALSE',\n'eventFacebook': 'Richieste Preventivo Submit',\n'eventFbStandard': 'Lead'\n})    }\n};\n\n(function(url, cb) {\n    var s = document.createElement(\"script\");\n    s.type = \"text\/javascript\";\n\n    if (s.readyState) { \/\/IE\n        s.onreadystatechange = function() {\n            if (s.readyState == \"loaded\" || s.readyState == \"complete\") {\n                s.onreadystatechange = null;\n                cb();\n            }\n        };\n    } else { \/\/Others\n        s.onload = function() {\n            cb();\n        };\n    }\n\n    s.src = url;\n    document.getElementsByTagName(\"head\")[0].appendChild(s);\n})(\"https:\/\/static.adriasonline.it\/merida\/latest\/merida.js\", function() {\n    window.aoForm = merida(merida_config_merida_block);\n});\n<\/script>\n\n<\/div>\n    <\/div>\n\n\n<div class=\"col-12 col-md-4 p-0 g--bkg-light-01 d-flex  justify-content-center\"\n     \n\t \n\t>\n        \n<div class=\"w-100\">\n\n<div class=\"px-4 py-5\">\n\n\n<h2 class=\"wp-block-heading mb-5\">Perch\u00e8 sceglierci<\/h2>\n\n\n<div class=\"d-flex align-items-start justify-content-start py-3\">\n<div class=\"pr-2 display-3 text-primary\"><i class=\"fas fa-check\"><\/i><\/div>\n<div>\n\n\n<h4 class=\"wp-block-heading\">Posizione sul mare <\/h4>\n\n\n<\/div>\n<\/div>\n<div class=\"d-flex align-items-start justify-content-start py-3\">\n<div class=\"pr-2 display-3 text-primary\"><i class=\"fas fa-check\"><\/i><\/div>\n<div>\n\n\n<h4 class=\"wp-block-heading\">Ambienti tranquilli, curati e moderni <\/h4>\n\n\n<\/div>\n<\/div>\n<div class=\"d-flex align-items-start justify-content-start py-3\">\n<div class=\"pr-2 display-3 text-primary\"><i class=\"fas fa-check\"><\/i><\/div>\n<div>\n\n\n<h4 class=\"wp-block-heading\">Moderna piscina con solarium <\/h4>\n\n\n<\/div>\n<\/div>\n<div class=\"d-flex align-items-start justify-content-start py-3\">\n<div class=\"pr-2 display-3 text-primary\"><i class=\"fas fa-check\"><\/i><\/div>\n<div>\n\n\n<h4 class=\"wp-block-heading\">Ampio parcheggio privato <\/h4>\n\n\n<\/div>\n<\/div>\n<div class=\"d-flex align-items-start justify-content-start py-3\">\n<div class=\"pr-2 display-3 text-primary\"><i class=\"fas fa-check\"><\/i><\/div>\n<div>\n\n\n<h4 class=\"wp-block-heading\">Formula All Inclusive<\/h4>\n\n\n<\/div>\n<\/div>\n<\/div>\n<\/div>\n    <\/div>\n<\/div>\n<\/section>\n\n<\/div><\/div>\n\n<section class=\"wao-blocks-container container-fluid mb-2 d-none d-md-block\"\n\t\t>\n    \n<div class=\"wao-blocks-row row\" >\n    \n\n<div class=\"col-12 col-md-12 p-0\"\n     \n\t \n\t>\n        \n\n<div class=\"wao-blocks-immagine-src\" \n    >\n                    <img decoding=\"async\" src=\"http:\/\/www.crocedimaltahotel.com\/wp-content\/uploads\/2022\/08\/fronzolo-down-1.png\"  class=\"img-fluid\"  alt=\"fronzolo-down\">\n    <\/div>\n    <\/div>\n<\/div>\n<\/section>","protected":false},"excerpt":{"rendered":"","protected":false},"author":1,"featured_media":0,"parent":0,"menu_order":0,"comment_status":"closed","ping_status":"closed","template":"page-offerte.php","meta":{"footnotes":""},"class_list":["post-13","page","type-page","status-publish","hentry"],"_links":{"self":[{"href":"https:\/\/www.crocedimaltahotel.com\/fr\/wp-json\/wp\/v2\/pages\/13","targetHints":{"allow":["GET"]}}],"collection":[{"href":"https:\/\/www.crocedimaltahotel.com\/fr\/wp-json\/wp\/v2\/pages"}],"about":[{"href":"https:\/\/www.crocedimaltahotel.com\/fr\/wp-json\/wp\/v2\/types\/page"}],"author":[{"embeddable":true,"href":"https:\/\/www.crocedimaltahotel.com\/fr\/wp-json\/wp\/v2\/users\/1"}],"replies":[{"embeddable":true,"href":"https:\/\/www.crocedimaltahotel.com\/fr\/wp-json\/wp\/v2\/comments?post=13"}],"version-history":[{"count":8,"href":"https:\/\/www.crocedimaltahotel.com\/fr\/wp-json\/wp\/v2\/pages\/13\/revisions"}],"predecessor-version":[{"id":1568,"href":"https:\/\/www.crocedimaltahotel.com\/fr\/wp-json\/wp\/v2\/pages\/13\/revisions\/1568"}],"wp:attachment":[{"href":"https:\/\/www.crocedimaltahotel.com\/fr\/wp-json\/wp\/v2\/media?parent=13"}],"curies":[{"name":"wp","href":"https:\/\/api.w.org\/{rel}","templated":true}]}}